{"id":98,"date":"2023-09-21T15:27:33","date_gmt":"2023-09-21T15:27:33","guid":{"rendered":"https:\/\/latiendadeleidy.online\/index.php\/producto\/sarten-cuadrada-3-puestos\/"},"modified":"2023-10-13T20:27:26","modified_gmt":"2023-10-13T20:27:26","slug":"sarten-cuadrada-3-puestos","status":"publish","type":"product","link":"https:\/\/latiendadeleidy.online\/index.php\/producto\/sarten-cuadrada-3-puestos\/","title":{"rendered":"Sart\u00e9n Cuadrada 3 puestos"},"content":{"rendered":"<p>SART\u00c9N CUADRADA 3 PUESTOS<br \/>\nDISE\u00d1O MULTI-SECCIONAL &#8211; La sart\u00e9n para huevos fritos le permite cocinar 3 alimentos a\u00fan m\u00e1s diferentes simult\u00e1neamente, en lugar de tener que limpiarlos cada vez que asa uno. Es f\u00e1cil para usted fre\u00edr tocino, huevos, panqueques y bistec por separado.<\/p>\n<p>MATERIAL PREMIUM &#8211; La sart\u00e9n para huevos fritos est\u00e1 hecha de aluminio de alta calidad, que puede proporcionar una retenci\u00f3n y distribuci\u00f3n de calor excepcionales que la sart\u00e9n tradicional de hierro fundido. Mientras tanto, el mango est\u00e1 hecho de baquelita, que tiene una buena propiedad de aislamiento t\u00e9rmico y lo protege de quemaduras.<\/p>\n<p>LIMPIEZA F\u00c1CIL Y ANTIADHERENTE<\/p>\n","protected":false},"excerpt":{"rendered":"<p>SART\u00c9N CUADRADA 3 PUESTOS DISE\u00d1O MULTI-SECCIONAL &#8211; La sart\u00e9n para huevos fritos le permite cocinar 3 alimentos a\u00fan m\u00e1s diferentes simult\u00e1neamente, en lugar de tener que limpiarlos cada vez que asa uno. Es f\u00e1cil para usted fre\u00edr tocino, huevos, panqueques y bistec por separado. MATERIAL PREMIUM &#8211; La sart\u00e9n para huevos fritos est\u00e1 hecha de [&hellip;]<\/p>\n","protected":false},"featured_media":387,"comment_status":"open","ping_status":"closed","template":"","meta":{"_et_pb_use_builder":"","_et_pb_old_content":"","_et_gb_content_width":""},"product_cat":[20],"product_tag":[],"_links":{"self":[{"href":"https:\/\/latiendadeleidy.online\/index.php\/wp-json\/wp\/v2\/product\/98"}],"collection":[{"href":"https:\/\/latiendadeleidy.online\/index.php\/wp-json\/wp\/v2\/product"}],"about":[{"href":"https:\/\/latiendadeleidy.online\/index.php\/wp-json\/wp\/v2\/types\/product"}],"replies":[{"embeddable":true,"href":"https:\/\/latiendadeleidy.online\/index.php\/wp-json\/wp\/v2\/comments?post=98"}],"wp:featuredmedia":[{"embeddable":true,"href":"https:\/\/latiendadeleidy.online\/index.php\/wp-json\/wp\/v2\/media\/387"}],"wp:attachment":[{"href":"https:\/\/latiendadeleidy.online\/index.php\/wp-json\/wp\/v2\/media?parent=98"}],"wp:term":[{"taxonomy":"product_cat","embeddable":true,"href":"https:\/\/latiendadeleidy.online\/index.php\/wp-json\/wp\/v2\/product_cat?post=98"},{"taxonomy":"product_tag","embeddable":true,"href":"https:\/\/latiendadeleidy.online\/index.php\/wp-json\/wp\/v2\/product_tag?post=98"}],"curies":[{"name":"wp","href":"https:\/\/api.w.org\/{rel}","templated":true}]}}