{"id":928,"date":"2025-01-31T16:42:07","date_gmt":"2025-01-31T16:42:07","guid":{"rendered":"https:\/\/latiendadeleidy.online\/?post_type=product&#038;p=928"},"modified":"2025-01-31T19:16:33","modified_gmt":"2025-01-31T19:16:33","slug":"super-organizador-y-protector-de-estufas","status":"publish","type":"product","link":"https:\/\/latiendadeleidy.online\/index.php\/producto\/super-organizador-y-protector-de-estufas\/","title":{"rendered":"Super Organizador  y Protector de Estufas"},"content":{"rendered":"<div class=\"flex max-w-full flex-col flex-grow\">\n<div class=\"min-h-8 text-message flex w-full flex-col items-end gap-2 whitespace-normal break-words text-start [.text-message+&amp;]:mt-5\" dir=\"auto\" data-message-author-role=\"assistant\" data-message-id=\"d97705ab-26a2-410f-88c0-e7caa26af723\" data-message-model-slug=\"gpt-4o\">\n<div class=\"flex w-full flex-col gap-1 empty:hidden first:pt-[3px]\">\n<div class=\"markdown prose w-full break-words dark:prose-invert light\">\n<h1 style=\"text-align: center;\"><span style=\"color: #000000;\"><strong>\ud83d\udd25 \u00a1OFERT\u00d3N 2&#215;1! Organiza y Protege tu Hogar al Mejor Precio \ud83c\udfe0\u2728<\/strong><\/span><\/h1>\n<p>&nbsp;<\/p>\n<p><span style=\"color: #000000;\"><strong>\ud83d\uded2 Ll\u00e9vate 2 productos esenciales por el precio de 1:<\/strong><\/span><br \/>\n\u2705 <span style=\"color: #000000;\"><strong>Organizador de Escobas:<\/strong> <\/span>Mant\u00e9n tu hogar ordenado y libre de desorden con este soporte pr\u00e1ctico y resistente. Ideal para colgar escobas, trapeadores y herramientas de limpieza en un solo lugar.<\/p>\n<p style=\"text-align: center;\"><img decoding=\"async\" loading=\"lazy\" class=\"alignnone size-medium wp-image-930\" src=\"http:\/\/latiendadeleidy.online\/wp-content\/uploads\/2025\/01\/escobas-2-300x298.jpeg\" alt=\"\" width=\"300\" height=\"298\" \/><\/p>\n<p>\u2705 <span style=\"color: #000000;\"><strong>Protector de Estufas:<\/strong><\/span> Dile adi\u00f3s a las manchas de grasa y suciedad. Protege tu cocina con estos forros antiadherentes y f\u00e1ciles de limpiar, dise\u00f1ados para mantener tu estufa impecable.<\/p>\n<p style=\"text-align: center;\"><img decoding=\"async\" loading=\"lazy\" class=\"alignnone size-medium wp-image-931\" src=\"http:\/\/latiendadeleidy.online\/wp-content\/uploads\/2025\/01\/estufa-2-300x300.jpg\" alt=\"\" width=\"300\" height=\"300\" \/><\/p>\n<p><strong>\ud83d\udca5 <span style=\"color: #000000;\">Beneficios de este combo:<\/span><\/strong><br \/>\n\u2714<span style=\"color: #000000;\"> <strong>Ahorro incre\u00edble:<\/strong><\/span> Dos productos por el precio de uno, \u00a1no lo dejes pasar!<br \/>\n\u2714<span style=\"color: #000000;\"> <strong>M\u00e1s orden, menos esfuerzo:<\/strong><\/span> Mant\u00e9n tu cocina y \u00e1rea de limpieza organizadas sin esfuerzo.<br \/>\n\u2714 <span style=\"color: #000000;\"><strong>Durabilidad y calidad:<\/strong> <\/span>Materiales resistentes y f\u00e1ciles de limpiar, perfectos para un uso prolongado.<br \/>\n\u2714 <span style=\"color: #000000;\"><strong>F\u00e1cil instalaci\u00f3n:<\/strong> <\/span>Sin complicaciones, listos para usar en minutos.<\/p>\n<h4 style=\"text-align: center;\"><span style=\"color: #000000;\"><strong>\ud83d\ude80 \u00a1Stock limitado! Aprovecha esta oferta exclusiva antes de que se agoten. Compra ahora y transforma tu hogar con esta promo imbatible. \ud83c\udfe1\ud83d\udc96<\/strong><\/span><\/h4>\n<\/div>\n<\/div>\n<\/div>\n<\/div>\n<div class=\"mb-2 flex gap-3 empty:hidden -ml-2\">\n<div class=\"items-center justify-start rounded-xl p-1 flex\">\n<div class=\"flex items-center\">\n<p>&nbsp;<\/p>\n<div class=\"flex\"><\/div>\n<p>&nbsp;<\/p>\n<div class=\"flex items-center pb-0\"><span class=\"overflow-hidden text-clip whitespace-nowrap text-sm\">4o<\/span><\/div>\n<\/div>\n<\/div>\n<\/div>\n","protected":false},"excerpt":{"rendered":"<p>\ud83d\udd25 \u00a1OFERT\u00d3N 2&#215;1! Organiza y Protege tu Hogar al Mejor Precio \ud83c\udfe0\u2728 &nbsp; \ud83d\uded2 Ll\u00e9vate 2 productos esenciales por el precio de 1: \u2705 Organizador de Escobas: Mant\u00e9n tu hogar ordenado y libre de desorden con este soporte pr\u00e1ctico y resistente. Ideal para colgar escobas, trapeadores y herramientas de limpieza en un solo lugar. \u2705 [&hellip;]<\/p>\n","protected":false},"featured_media":929,"comment_status":"open","ping_status":"closed","template":"","meta":{"_et_pb_use_builder":"","_et_pb_old_content":"","_et_gb_content_width":""},"product_cat":[17],"product_tag":[],"_links":{"self":[{"href":"https:\/\/latiendadeleidy.online\/index.php\/wp-json\/wp\/v2\/product\/928"}],"collection":[{"href":"https:\/\/latiendadeleidy.online\/index.php\/wp-json\/wp\/v2\/product"}],"about":[{"href":"https:\/\/latiendadeleidy.online\/index.php\/wp-json\/wp\/v2\/types\/product"}],"replies":[{"embeddable":true,"href":"https:\/\/latiendadeleidy.online\/index.php\/wp-json\/wp\/v2\/comments?post=928"}],"wp:featuredmedia":[{"embeddable":true,"href":"https:\/\/latiendadeleidy.online\/index.php\/wp-json\/wp\/v2\/media\/929"}],"wp:attachment":[{"href":"https:\/\/latiendadeleidy.online\/index.php\/wp-json\/wp\/v2\/media?parent=928"}],"wp:term":[{"taxonomy":"product_cat","embeddable":true,"href":"https:\/\/latiendadeleidy.online\/index.php\/wp-json\/wp\/v2\/product_cat?post=928"},{"taxonomy":"product_tag","embeddable":true,"href":"https:\/\/latiendadeleidy.online\/index.php\/wp-json\/wp\/v2\/product_tag?post=928"}],"curies":[{"name":"wp","href":"https:\/\/api.w.org\/{rel}","templated":true}]}}