{"id":89,"date":"2023-09-21T15:17:17","date_gmt":"2023-09-21T15:17:17","guid":{"rendered":"https:\/\/latiendadeleidy.online\/index.php\/producto\/afilador-babarian\/"},"modified":"2023-09-26T16:22:26","modified_gmt":"2023-09-26T16:22:26","slug":"afilador-babarian","status":"publish","type":"product","link":"https:\/\/latiendadeleidy.online\/index.php\/producto\/afilador-babarian\/","title":{"rendered":"AFILADOR BABARIAN"},"content":{"rendered":"<p>AFILADOR BABARIAN<br \/>\nHerramienta de elegante presentaci\u00f3n que le permitir\u00e1 pulir los viejos cuchillos de la cocina haci\u00e9ndolos lucir como nuevos en segundos, para poder cortar y pelar sus alimentos con sus cuchillos bien afilados<\/p>\n<p>\u2022 Ahora podr\u00e1 usar sus cuchillos como si estuvieran nuevos con tan solo unas cuantas pasadas. Bavarian Edge est\u00e1 dise\u00f1ado para afilar diferentes tipos de cuchillos, adem\u00e1s, es un instrumento seguro que le ayudar\u00e1 a evitar posibles accidentes al tratar de afilarlos. Bavarian Edge viene con dos brazos el\u00e1sticos independientes que se adaptan f\u00e1cilmente a este utensilio de cocina, logrando un afilado ideal.<\/p>\n<p>Beneficios:<\/p>\n<p>\u2022Afila diferentes tipos de cuchillos.<\/p>\n<p>\u2022 Seguro y resistente.<\/p>\n<p>\u2022 Elegante presentaci\u00f3n.<\/p>\n<p>Caracter\u00edsticas:<\/p>\n<p>\u2022 Podr\u00e1 afilar sus cuchillos con rapidez.<\/p>\n<p>\u2022 Podr\u00e1 realizar las tareas de corte m\u00e1s r\u00e1pido.<\/p>\n<p>\u2022 No tendr\u00e1 que lidiar con un cuchillo sin filo ni con afiladores peligrosos. .<\/p>\n<p>\u2022 Su dise\u00f1o pr\u00e1ctico le facilita el manejo en la cocina.<\/p>\n<p>\u2022 No es necesario aplicar presi\u00f3n excesiva al afilar los cuchillos.<\/p>\n<p>\u2022 Es liviano y peque\u00f1o, no necesita mucho espacio para guardarlo.<\/p>\n<p>\u2022 Pueden usarlos diestros y zurdos.<\/p>\n<p>Material: ABS<\/p>\n","protected":false},"excerpt":{"rendered":"<p>AFILADOR BABARIAN Herramienta de elegante presentaci\u00f3n que le permitir\u00e1 pulir los viejos cuchillos de la cocina haci\u00e9ndolos lucir como nuevos en segundos, para poder cortar y pelar sus alimentos con sus cuchillos bien afilados \u2022 Ahora podr\u00e1 usar sus cuchillos como si estuvieran nuevos con tan solo unas cuantas pasadas. Bavarian Edge est\u00e1 dise\u00f1ado para [&hellip;]<\/p>\n","protected":false},"featured_media":90,"comment_status":"open","ping_status":"closed","template":"","meta":{"_et_pb_use_builder":"","_et_pb_old_content":"","_et_gb_content_width":""},"product_cat":[20],"product_tag":[],"_links":{"self":[{"href":"https:\/\/latiendadeleidy.online\/index.php\/wp-json\/wp\/v2\/product\/89"}],"collection":[{"href":"https:\/\/latiendadeleidy.online\/index.php\/wp-json\/wp\/v2\/product"}],"about":[{"href":"https:\/\/latiendadeleidy.online\/index.php\/wp-json\/wp\/v2\/types\/product"}],"replies":[{"embeddable":true,"href":"https:\/\/latiendadeleidy.online\/index.php\/wp-json\/wp\/v2\/comments?post=89"}],"wp:featuredmedia":[{"embeddable":true,"href":"https:\/\/latiendadeleidy.online\/index.php\/wp-json\/wp\/v2\/media\/90"}],"wp:attachment":[{"href":"https:\/\/latiendadeleidy.online\/index.php\/wp-json\/wp\/v2\/media?parent=89"}],"wp:term":[{"taxonomy":"product_cat","embeddable":true,"href":"https:\/\/latiendadeleidy.online\/index.php\/wp-json\/wp\/v2\/product_cat?post=89"},{"taxonomy":"product_tag","embeddable":true,"href":"https:\/\/latiendadeleidy.online\/index.php\/wp-json\/wp\/v2\/product_tag?post=89"}],"curies":[{"name":"wp","href":"https:\/\/api.w.org\/{rel}","templated":true}]}}