{"id":805,"date":"2024-09-28T14:56:01","date_gmt":"2024-09-28T14:56:01","guid":{"rendered":"https:\/\/latiendadeleidy.online\/index.php\/producto\/parlante-charge-6s\/"},"modified":"2024-09-28T15:31:45","modified_gmt":"2024-09-28T15:31:45","slug":"parlante-charge-6s","status":"publish","type":"product","link":"https:\/\/latiendadeleidy.online\/index.php\/producto\/parlante-charge-6s\/","title":{"rendered":"PARLANTE JBL CHARGE 6S"},"content":{"rendered":"<h1 style=\"text-align: center;\"><span style=\"color: #000000;\">\ud83d\udd0a <strong>Parlante JBL Charge 6s: Sonido Poderoso y Duradero<\/strong> \ud83d\udd0a<\/span><\/h1>\n<p>\ud83c\udfb6 <strong>Disfruta de tu m\u00fasica sin interrupciones:<\/strong> Con 6 horas de autonom\u00eda, lleva el ritmo a cualquier lugar, sin preocuparte por la bater\u00eda.<\/p>\n<p>\ud83d\udce1 <strong>Conectividad vers\u00e1til:<\/strong> Transmite tu m\u00fasica a trav\u00e9s de Bluetooth, sintoniza tu radio FM favorita o usa el puerto USB para reproducir tus listas.<\/p>\n<p>\ud83d\udca5 <strong>Sonido potente y claro:<\/strong> Con un driver de gran amplitud, altavoz de agudos independiente y radiadores de graves, obt\u00e9n un sonido envolvente y definido en cada canci\u00f3n.<\/p>\n<p>\ud83d\udca7 <strong>Resistente a salpicaduras:<\/strong> Perfecto para tus aventuras al aire libre, fiestas en la piscina o tardes en la playa.<\/p>\n<p>Recuerda que este parlante es una replica de excelente calidad.<\/p>\n<h4><span style=\"color: #000000;\">Haz que cada momento tenga la banda sonora perfecta.<\/span><\/h4>\n<p style=\"text-align: center;\"><img decoding=\"async\" loading=\"lazy\" class=\"alignnone size-medium wp-image-815\" src=\"http:\/\/latiendadeleidy.online\/wp-content\/uploads\/2024\/09\/1019373-parl_11zon-225x300.webp\" alt=\"\" width=\"225\" height=\"300\" srcset=\"https:\/\/latiendadeleidy.online\/wp-content\/uploads\/2024\/09\/1019373-parl_11zon-225x300.webp 225w, https:\/\/latiendadeleidy.online\/wp-content\/uploads\/2024\/09\/1019373-parl_11zon-768x1024.webp 768w, https:\/\/latiendadeleidy.online\/wp-content\/uploads\/2024\/09\/1019373-parl_11zon-1152x1536.webp 1152w, https:\/\/latiendadeleidy.online\/wp-content\/uploads\/2024\/09\/1019373-parl_11zon-1080x1440.webp 1080w, https:\/\/latiendadeleidy.online\/wp-content\/uploads\/2024\/09\/1019373-parl_11zon-980x1307.webp 980w, https:\/\/latiendadeleidy.online\/wp-content\/uploads\/2024\/09\/1019373-parl_11zon-480x640.webp 480w, https:\/\/latiendadeleidy.online\/wp-content\/uploads\/2024\/09\/1019373-parl_11zon-700x933.webp 700w, https:\/\/latiendadeleidy.online\/wp-content\/uploads\/2024\/09\/1019373-parl_11zon.webp 1200w\" sizes=\"(max-width: 225px) 100vw, 225px\" \/><\/p>\n<h3 style=\"text-align: center;\"><span style=\"color: #000000;\">\u00a1Presiona <strong>&#8220;S\u00ed, quiero pedir ahora&#8221;<\/strong> y disfruta de una experiencia auditiva \u00fanica!<\/span><\/h3>\n","protected":false},"excerpt":{"rendered":"<p>\ud83d\udd0a Parlante JBL Charge 6s: Sonido Poderoso y Duradero \ud83d\udd0a \ud83c\udfb6 Disfruta de tu m\u00fasica sin interrupciones: Con 6 horas de autonom\u00eda, lleva el ritmo a cualquier lugar, sin preocuparte por la bater\u00eda. \ud83d\udce1 Conectividad vers\u00e1til: Transmite tu m\u00fasica a trav\u00e9s de Bluetooth, sintoniza tu radio FM favorita o usa el puerto USB para reproducir [&hellip;]<\/p>\n","protected":false},"featured_media":813,"comment_status":"open","ping_status":"closed","template":"","meta":{"_et_pb_use_builder":"","_et_pb_old_content":"","_et_gb_content_width":""},"product_cat":[29],"product_tag":[],"_links":{"self":[{"href":"https:\/\/latiendadeleidy.online\/index.php\/wp-json\/wp\/v2\/product\/805"}],"collection":[{"href":"https:\/\/latiendadeleidy.online\/index.php\/wp-json\/wp\/v2\/product"}],"about":[{"href":"https:\/\/latiendadeleidy.online\/index.php\/wp-json\/wp\/v2\/types\/product"}],"replies":[{"embeddable":true,"href":"https:\/\/latiendadeleidy.online\/index.php\/wp-json\/wp\/v2\/comments?post=805"}],"wp:featuredmedia":[{"embeddable":true,"href":"https:\/\/latiendadeleidy.online\/index.php\/wp-json\/wp\/v2\/media\/813"}],"wp:attachment":[{"href":"https:\/\/latiendadeleidy.online\/index.php\/wp-json\/wp\/v2\/media?parent=805"}],"wp:term":[{"taxonomy":"product_cat","embeddable":true,"href":"https:\/\/latiendadeleidy.online\/index.php\/wp-json\/wp\/v2\/product_cat?post=805"},{"taxonomy":"product_tag","embeddable":true,"href":"https:\/\/latiendadeleidy.online\/index.php\/wp-json\/wp\/v2\/product_tag?post=805"}],"curies":[{"name":"wp","href":"https:\/\/api.w.org\/{rel}","templated":true}]}}