{"id":800,"date":"2024-09-28T14:38:31","date_gmt":"2024-09-28T14:38:31","guid":{"rendered":"https:\/\/latiendadeleidy.online\/index.php\/producto\/lampara-parlante-g-reloj-bluetooth-%e2%9a%a1\/"},"modified":"2024-09-28T14:48:50","modified_gmt":"2024-09-28T14:48:50","slug":"lampara-parlante-g","status":"publish","type":"product","link":"https:\/\/latiendadeleidy.online\/index.php\/producto\/lampara-parlante-g\/","title":{"rendered":"Lampara Parlante G Reloj Bluetooth \u26a1"},"content":{"rendered":"<div class=\"flex max-w-full flex-col flex-grow\">\n<div class=\"min-h-8 text-message flex w-full flex-col items-end gap-2 whitespace-normal break-words [.text-message+&amp;]:mt-5\" dir=\"auto\" data-message-author-role=\"assistant\" data-message-id=\"c50b13a1-ec93-41c8-b0e0-0fbd365fc4a1\">\n<div class=\"flex w-full flex-col gap-1 empty:hidden first:pt-[3px]\">\n<div class=\"markdown prose w-full break-words dark:prose-invert light\">\n<h1 style=\"text-align: center;\"><span style=\"color: #000000;\"><strong>\u2728 L\u00e1mpara Parlante Tipo G RGB con Reloj y Carga Inal\u00e1mbrica \u2728<\/strong><\/span><\/h1>\n<p>\ud83d\udd0b <strong><span style=\"color: #000000;\">Carga inal\u00e1mbrica r\u00e1pida<\/span>:<\/strong> Con su base de carga de 15W, carga tu smartphone de manera r\u00e1pida y eficiente sin cables.<\/p>\n<p>\ud83d\udd0a <span style=\"color: #000000;\"><strong>Audio envolvente:<\/strong><\/span> Disfruta de m\u00fasica y podcasts con su altavoz Bluetooth integrado, todo mientras cargas tu dispositivo.<\/p>\n<p>\ud83c\udfa8 <span style=\"color: #000000;\"><strong>Varios modos de luz:<\/strong><\/span> Cambia entre diversos modos de iluminaci\u00f3n RGB para crear el ambiente perfecto en cualquier momento, ideal para relajarte y personalizar tu espacio.<\/p>\n<h3 style=\"text-align: center;\"><span style=\"color: #000000;\">Una l\u00e1mpara multifuncional que combina tecnolog\u00eda, estilo y comodidad.<\/span><\/h3>\n<p style=\"text-align: center;\"><img decoding=\"async\" loading=\"lazy\" class=\"alignnone size-medium wp-image-804\" src=\"http:\/\/latiendadeleidy.online\/wp-content\/uploads\/2024\/09\/Parlante-G-912265-300x300.webp\" alt=\"\" width=\"300\" height=\"300\" srcset=\"https:\/\/latiendadeleidy.online\/wp-content\/uploads\/2024\/09\/Parlante-G-912265-300x300.webp 300w, https:\/\/latiendadeleidy.online\/wp-content\/uploads\/2024\/09\/Parlante-G-912265-150x150.webp 150w, https:\/\/latiendadeleidy.online\/wp-content\/uploads\/2024\/09\/Parlante-G-912265-768x768.webp 768w, https:\/\/latiendadeleidy.online\/wp-content\/uploads\/2024\/09\/Parlante-G-912265-480x480.webp 480w, https:\/\/latiendadeleidy.online\/wp-content\/uploads\/2024\/09\/Parlante-G-912265-350x350.webp 350w, https:\/\/latiendadeleidy.online\/wp-content\/uploads\/2024\/09\/Parlante-G-912265-700x700.webp 700w, https:\/\/latiendadeleidy.online\/wp-content\/uploads\/2024\/09\/Parlante-G-912265-100x100.webp 100w, https:\/\/latiendadeleidy.online\/wp-content\/uploads\/2024\/09\/Parlante-G-912265.webp 800w\" sizes=\"(max-width: 300px) 100vw, 300px\" \/><\/p>\n<h2 style=\"text-align: center;\"><span style=\"color: #000000;\"> \u00a1Haz clic en <strong>&#8220;S\u00ed, Pedir ahora&#8221;<\/strong> y transforma tu ambiente con luz y sonido!<\/span><\/h2>\n<\/div>\n<\/div>\n<\/div>\n<\/div>\n<div class=\"mb-2 flex gap-3 empty:hidden -ml-2\">\n<div class=\"items-center justify-start rounded-xl p-1 flex\">\n<div class=\"flex items-center\"><\/div>\n<\/div>\n<\/div>\n","protected":false},"excerpt":{"rendered":"<p>\u2728 L\u00e1mpara Parlante Tipo G RGB con Reloj y Carga Inal\u00e1mbrica \u2728 \ud83d\udd0b Carga inal\u00e1mbrica r\u00e1pida: Con su base de carga de 15W, carga tu smartphone de manera r\u00e1pida y eficiente sin cables. \ud83d\udd0a Audio envolvente: Disfruta de m\u00fasica y podcasts con su altavoz Bluetooth integrado, todo mientras cargas tu dispositivo. \ud83c\udfa8 Varios modos de [&hellip;]<\/p>\n","protected":false},"featured_media":803,"comment_status":"open","ping_status":"closed","template":"","meta":{"_et_pb_use_builder":"","_et_pb_old_content":"","_et_gb_content_width":""},"product_cat":[29],"product_tag":[],"_links":{"self":[{"href":"https:\/\/latiendadeleidy.online\/index.php\/wp-json\/wp\/v2\/product\/800"}],"collection":[{"href":"https:\/\/latiendadeleidy.online\/index.php\/wp-json\/wp\/v2\/product"}],"about":[{"href":"https:\/\/latiendadeleidy.online\/index.php\/wp-json\/wp\/v2\/types\/product"}],"replies":[{"embeddable":true,"href":"https:\/\/latiendadeleidy.online\/index.php\/wp-json\/wp\/v2\/comments?post=800"}],"wp:featuredmedia":[{"embeddable":true,"href":"https:\/\/latiendadeleidy.online\/index.php\/wp-json\/wp\/v2\/media\/803"}],"wp:attachment":[{"href":"https:\/\/latiendadeleidy.online\/index.php\/wp-json\/wp\/v2\/media?parent=800"}],"wp:term":[{"taxonomy":"product_cat","embeddable":true,"href":"https:\/\/latiendadeleidy.online\/index.php\/wp-json\/wp\/v2\/product_cat?post=800"},{"taxonomy":"product_tag","embeddable":true,"href":"https:\/\/latiendadeleidy.online\/index.php\/wp-json\/wp\/v2\/product_tag?post=800"}],"curies":[{"name":"wp","href":"https:\/\/api.w.org\/{rel}","templated":true}]}}