{"id":79,"date":"2023-09-21T14:56:31","date_gmt":"2023-09-21T14:56:31","guid":{"rendered":"https:\/\/latiendadeleidy.online\/index.php\/producto\/organizador-de-armario-plegable-estante\/"},"modified":"2023-10-13T21:19:44","modified_gmt":"2023-10-13T21:19:44","slug":"organizador-de-armario-plegable-estante","status":"publish","type":"product","link":"https:\/\/latiendadeleidy.online\/index.php\/producto\/organizador-de-armario-plegable-estante\/","title":{"rendered":"Organizador De Armario Plegable Estante"},"content":{"rendered":"<p><strong>ORGANIZADOR DE ARMARIO PLEGABLE ESTANTE<\/strong><br \/>\n1. Adecuado para: el organizador colgante funciona muy bien en armarios, estantes, armarios, caravanas, puertas est\u00e1ndar o barras de armario para guardar toallas, camisetas, bolsos, baberos, pa\u00f1ales, toallitas para beb\u00e9, etc.<br \/>\n2. DIY: dise\u00f1o de estructura resistente y \u00fanico para satisfacer tus necesidades individuales. Puedes montar el organizador colgante de armario en un colgador de cualquier longitud o forma de acuerdo a tus necesidades para ahorrar espacio y lograr el mejor efecto de almacenamiento.<br \/>\n3. Construcci\u00f3n fuerte: hecho de soporte de pl\u00e1stico el\u00e1stico que se puede restaurar r\u00e1pidamente, desp\u00eddete de la deformaci\u00f3n, la flacidez y la rotura. El organizador colgante de armario encaja bien con cualquier estilo de dise\u00f1o y est\u00e9tica, puede contener 35 libras, suficiente para sostener su\u00e9teres voluminosos, sombreros y m\u00e1s accesorios.<\/p>\n","protected":false},"excerpt":{"rendered":"<p>ORGANIZADOR DE ARMARIO PLEGABLE ESTANTE 1. Adecuado para: el organizador colgante funciona muy bien en armarios, estantes, armarios, caravanas, puertas est\u00e1ndar o barras de armario para guardar toallas, camisetas, bolsos, baberos, pa\u00f1ales, toallitas para beb\u00e9, etc. 2. DIY: dise\u00f1o de estructura resistente y \u00fanico para satisfacer tus necesidades individuales. Puedes montar el organizador colgante de [&hellip;]<\/p>\n","protected":false},"featured_media":395,"comment_status":"open","ping_status":"closed","template":"","meta":{"_et_pb_use_builder":"","_et_pb_old_content":"","_et_gb_content_width":""},"product_cat":[17],"product_tag":[],"_links":{"self":[{"href":"https:\/\/latiendadeleidy.online\/index.php\/wp-json\/wp\/v2\/product\/79"}],"collection":[{"href":"https:\/\/latiendadeleidy.online\/index.php\/wp-json\/wp\/v2\/product"}],"about":[{"href":"https:\/\/latiendadeleidy.online\/index.php\/wp-json\/wp\/v2\/types\/product"}],"replies":[{"embeddable":true,"href":"https:\/\/latiendadeleidy.online\/index.php\/wp-json\/wp\/v2\/comments?post=79"}],"wp:featuredmedia":[{"embeddable":true,"href":"https:\/\/latiendadeleidy.online\/index.php\/wp-json\/wp\/v2\/media\/395"}],"wp:attachment":[{"href":"https:\/\/latiendadeleidy.online\/index.php\/wp-json\/wp\/v2\/media?parent=79"}],"wp:term":[{"taxonomy":"product_cat","embeddable":true,"href":"https:\/\/latiendadeleidy.online\/index.php\/wp-json\/wp\/v2\/product_cat?post=79"},{"taxonomy":"product_tag","embeddable":true,"href":"https:\/\/latiendadeleidy.online\/index.php\/wp-json\/wp\/v2\/product_tag?post=79"}],"curies":[{"name":"wp","href":"https:\/\/api.w.org\/{rel}","templated":true}]}}