{"id":719,"date":"2024-09-18T16:29:17","date_gmt":"2024-09-18T16:29:17","guid":{"rendered":"https:\/\/latiendadeleidy.online\/index.php\/producto\/combo-ultra-8-relojaudifonos-i12\/"},"modified":"2024-09-18T17:06:18","modified_gmt":"2024-09-18T17:06:18","slug":"combo-ultra-8-relojaudifonos-i12","status":"publish","type":"product","link":"https:\/\/latiendadeleidy.online\/index.php\/producto\/combo-ultra-8-relojaudifonos-i12\/","title":{"rendered":"Combo Ultra 8 (Reloj+Audifonos i12)"},"content":{"rendered":"<h1 style=\"text-align: center;\"><span style=\"color: #000000;\">Vive la tecnolog\u00eda m\u00e1s avanzada con el <strong>Reloj EW68 Ultra Max + Auriculares.<\/strong><\/span><\/h1>\n<h1><\/h1>\n<h4 style=\"text-align: center;\">\u00a0El combo que une elegancia, funcionalidad y conectividad para acompa\u00f1arte en cada momento del d\u00eda.<\/h4>\n<p style=\"text-align: center;\"><img decoding=\"async\" loading=\"lazy\" class=\"alignnone size-medium wp-image-733\" src=\"http:\/\/latiendadeleidy.online\/wp-content\/uploads\/2024\/09\/smartwatch-combo-169x300.webp\" alt=\"\" width=\"169\" height=\"300\" srcset=\"https:\/\/latiendadeleidy.online\/wp-content\/uploads\/2024\/09\/smartwatch-combo-169x300.webp 169w, https:\/\/latiendadeleidy.online\/wp-content\/uploads\/2024\/09\/smartwatch-combo-576x1024.webp 576w, https:\/\/latiendadeleidy.online\/wp-content\/uploads\/2024\/09\/smartwatch-combo-768x1365.webp 768w, https:\/\/latiendadeleidy.online\/wp-content\/uploads\/2024\/09\/smartwatch-combo-864x1536.webp 864w, https:\/\/latiendadeleidy.online\/wp-content\/uploads\/2024\/09\/smartwatch-combo-480x853.webp 480w, https:\/\/latiendadeleidy.online\/wp-content\/uploads\/2024\/09\/smartwatch-combo-700x1244.webp 700w, https:\/\/latiendadeleidy.online\/wp-content\/uploads\/2024\/09\/smartwatch-combo.webp 900w\" sizes=\"(max-width: 169px) 100vw, 169px\" \/><\/p>\n<p><span style=\"color: #000000;\"><strong>Beneficios:<\/strong><\/span><\/p>\n<ul>\n<li><strong>Llama y controla desde tu mu\u00f1eca<\/strong>: Haz llamadas y recibe mensajes sin sacar tu tel\u00e9fono, mant\u00e9n todo bajo control directamente desde tu reloj.<\/li>\n<li><strong>Monitoreo de salud al instante<\/strong>: Vigila tu ritmo card\u00edaco, presi\u00f3n arterial y ox\u00edgeno en sangre para estar siempre al tanto de tu bienestar.<\/li>\n<li><strong>Sonido sin cables<\/strong>: Disfruta de tus canciones favoritas y llamadas sin interrupciones con los auriculares inal\u00e1mbricos integrados.<\/li>\n<li><strong>Notificaciones al instante<\/strong>: Recibe alertas de tus redes sociales y mensajes en tiempo real, todo sin perder detalle.<\/li>\n<li><strong>Dise\u00f1o moderno y funcional<\/strong>: Con su estilo vers\u00e1til y actual, este reloj complementa cualquier look mientras te mantiene conectado y activo.<\/li>\n<\/ul>\n<p><span style=\"color: #000000;\"><strong>Caracter\u00edsticas del Reloj:<\/strong><\/span><\/p>\n<ul>\n<li>Pantalla t\u00e1ctil de 2.0 pulgadas en alta resoluci\u00f3n.<\/li>\n<li>Auriculares TWS integrados para m\u00fasica y llamadas.<\/li>\n<li>Carga inal\u00e1mbrica r\u00e1pida y sencilla.<\/li>\n<li>Llamadas Bluetooth y sincronizaci\u00f3n de contactos.<\/li>\n<li>Monitoreo de ritmo card\u00edaco, presi\u00f3n arterial y ox\u00edgeno en sangre.<\/li>\n<li>Modos deportivos y funciones adicionales como control de m\u00fasica, c\u00e1mara remota y pron\u00f3stico del tiempo.<\/li>\n<\/ul>\n<p><span style=\"color: #000000;\"><strong>Caracter\u00edsticas de los Auriculares:<\/strong><\/span><\/p>\n<ul>\n<li>Sonido est\u00e9reo de alta fidelidad.<\/li>\n<li>Conexi\u00f3n Bluetooth estable con control t\u00e1ctil.<\/li>\n<li>Larga duraci\u00f3n de bater\u00eda para m\u00fasica y llamadas sin interrupciones.<\/li>\n<\/ul>\n<h3 style=\"text-align: center;\"><span style=\"color: #000000;\">\u00a1Haz de la tecnolog\u00eda tu mejor aliado! <strong>Presiona en el bot\u00f3n de pedir<\/strong> y disfruta de este combo innovador en tu d\u00eda a d\u00eda.<\/span><\/h3>\n","protected":false},"excerpt":{"rendered":"<p>Vive la tecnolog\u00eda m\u00e1s avanzada con el Reloj EW68 Ultra Max + Auriculares. \u00a0El combo que une elegancia, funcionalidad y conectividad para acompa\u00f1arte en cada momento del d\u00eda. Beneficios: Llama y controla desde tu mu\u00f1eca: Haz llamadas y recibe mensajes sin sacar tu tel\u00e9fono, mant\u00e9n todo bajo control directamente desde tu reloj. Monitoreo de salud [&hellip;]<\/p>\n","protected":false},"featured_media":732,"comment_status":"open","ping_status":"closed","template":"","meta":{"_et_pb_use_builder":"","_et_pb_old_content":"","_et_gb_content_width":""},"product_cat":[29],"product_tag":[],"_links":{"self":[{"href":"https:\/\/latiendadeleidy.online\/index.php\/wp-json\/wp\/v2\/product\/719"}],"collection":[{"href":"https:\/\/latiendadeleidy.online\/index.php\/wp-json\/wp\/v2\/product"}],"about":[{"href":"https:\/\/latiendadeleidy.online\/index.php\/wp-json\/wp\/v2\/types\/product"}],"replies":[{"embeddable":true,"href":"https:\/\/latiendadeleidy.online\/index.php\/wp-json\/wp\/v2\/comments?post=719"}],"wp:featuredmedia":[{"embeddable":true,"href":"https:\/\/latiendadeleidy.online\/index.php\/wp-json\/wp\/v2\/media\/732"}],"wp:attachment":[{"href":"https:\/\/latiendadeleidy.online\/index.php\/wp-json\/wp\/v2\/media?parent=719"}],"wp:term":[{"taxonomy":"product_cat","embeddable":true,"href":"https:\/\/latiendadeleidy.online\/index.php\/wp-json\/wp\/v2\/product_cat?post=719"},{"taxonomy":"product_tag","embeddable":true,"href":"https:\/\/latiendadeleidy.online\/index.php\/wp-json\/wp\/v2\/product_tag?post=719"}],"curies":[{"name":"wp","href":"https:\/\/api.w.org\/{rel}","templated":true}]}}