{"id":712,"date":"2024-09-16T17:22:03","date_gmt":"2024-09-16T17:22:03","guid":{"rendered":"https:\/\/latiendadeleidy.online\/index.php\/producto\/combo-cepillo-secador-aguacate-pinza-r\/"},"modified":"2024-09-16T17:36:55","modified_gmt":"2024-09-16T17:36:55","slug":"combo-alizador","status":"publish","type":"product","link":"https:\/\/latiendadeleidy.online\/index.php\/producto\/combo-alizador\/","title":{"rendered":"Combo Cepillo Secador Aguacate Pinza R"},"content":{"rendered":"<h1 style=\"text-align: center;\"><span style=\"color: #000000;\">\u00a1Transforma tu look con el Super <strong>Combo Plancha + Pinza Remington<\/strong><\/span><\/h1>\n<h4 style=\"text-align: center;\"><span style=\"color: #000000;\"><strong> luce un cabello incre\u00edble todos los d\u00edas!<\/strong><\/span><\/h4>\n<p>&nbsp;<\/p>\n<p><span style=\"color: #000000;\"><strong>Beneficios:<\/strong><\/span><\/p>\n<ul>\n<li><strong>Cabello liso o rizado en minutos<\/strong>: Con la plancha alisadora y la pinza rizadora, tienes todo lo necesario para lograr estilos vers\u00e1tiles.<\/li>\n<li><strong>Cuidado capilar<\/strong>: Gracias a su tratamiento con extractos de aguacate y macadamia, protege y nutre tu cabello mientras lo peinas.<\/li>\n<li><strong>Calentamiento r\u00e1pido<\/strong>: \u00a1Listo para usar en solo 80 segundos! Ahorra tiempo cada ma\u00f1ana.<\/li>\n<li><strong>Control de temperatura<\/strong>: Ajusta f\u00e1cilmente la temperatura seg\u00fan el tipo de cabello para obtener resultados \u00f3ptimos sin da\u00f1arlo.<\/li>\n<\/ul>\n<p style=\"text-align: center;\"><img decoding=\"async\" loading=\"lazy\" class=\"alignnone size-medium wp-image-715\" src=\"http:\/\/latiendadeleidy.online\/wp-content\/uploads\/2024\/09\/alisadora-300x300.webp\" alt=\"\" width=\"300\" height=\"300\" srcset=\"https:\/\/latiendadeleidy.online\/wp-content\/uploads\/2024\/09\/alisadora-300x300.webp 300w, https:\/\/latiendadeleidy.online\/wp-content\/uploads\/2024\/09\/alisadora-150x150.webp 150w, https:\/\/latiendadeleidy.online\/wp-content\/uploads\/2024\/09\/alisadora-768x768.webp 768w, https:\/\/latiendadeleidy.online\/wp-content\/uploads\/2024\/09\/alisadora-980x980.webp 980w, https:\/\/latiendadeleidy.online\/wp-content\/uploads\/2024\/09\/alisadora-480x480.webp 480w, https:\/\/latiendadeleidy.online\/wp-content\/uploads\/2024\/09\/alisadora-350x350.webp 350w, https:\/\/latiendadeleidy.online\/wp-content\/uploads\/2024\/09\/alisadora-700x700.webp 700w, https:\/\/latiendadeleidy.online\/wp-content\/uploads\/2024\/09\/alisadora-100x100.webp 100w, https:\/\/latiendadeleidy.online\/wp-content\/uploads\/2024\/09\/alisadora.webp 990w\" sizes=\"(max-width: 300px) 100vw, 300px\" \/><\/p>\n<p><span style=\"color: #000000;\"><strong>Caracter\u00edsticas de la Plancha Alisadora:<\/strong><\/span><\/p>\n<ul>\n<li>Placas de cer\u00e1mica con tratamiento de aguacate y macadamia.<\/li>\n<li>Temperatura ajustable de 150\u00b0C a 230\u00b0C (450\u00b0F).<\/li>\n<li>Pantalla LED con apagado autom\u00e1tico.<\/li>\n<li>Cable giratorio de 2,20 m con bloqueo de placas.<\/li>\n<\/ul>\n<p>&nbsp;<\/p>\n<p style=\"text-align: center;\"><img decoding=\"async\" loading=\"lazy\" class=\"alignnone size-medium wp-image-717\" src=\"http:\/\/latiendadeleidy.online\/wp-content\/uploads\/2024\/09\/pinza-194x300.webp\" alt=\"\" width=\"194\" height=\"300\" srcset=\"https:\/\/latiendadeleidy.online\/wp-content\/uploads\/2024\/09\/pinza-194x300.webp 194w, https:\/\/latiendadeleidy.online\/wp-content\/uploads\/2024\/09\/pinza-480x742.webp 480w, https:\/\/latiendadeleidy.online\/wp-content\/uploads\/2024\/09\/pinza.webp 608w\" sizes=\"(max-width: 194px) 100vw, 194px\" \/><\/p>\n<p><span style=\"color: #000000;\"><strong>Caracter\u00edsticas de la Pinza Rizadora:<\/strong><\/span><\/p>\n<ul>\n<li>Temperatura m\u00e1xima de 450\u00b0C.<\/li>\n<li>Cable giratorio de 360\u00b0 con longitud de 1,70 m.<\/li>\n<li>Recubrimiento cer\u00e1mico con tratamiento de aguacate y macadamia.<\/li>\n<\/ul>\n<h3 style=\"text-align: center;\"><span style=\"color: #000000;\">\u00a1Renueva tu estilo y cuida tu cabello! <strong>Presiona de comprar <\/strong>\u00a0y disfruta de un look perfecto en todo momento.<\/span><\/h3>\n<p>&nbsp;<\/p>\n","protected":false},"excerpt":{"rendered":"<p>\u00a1Transforma tu look con el Super Combo Plancha + Pinza Remington luce un cabello incre\u00edble todos los d\u00edas! &nbsp; Beneficios: Cabello liso o rizado en minutos: Con la plancha alisadora y la pinza rizadora, tienes todo lo necesario para lograr estilos vers\u00e1tiles. Cuidado capilar: Gracias a su tratamiento con extractos de aguacate y macadamia, protege [&hellip;]<\/p>\n","protected":false},"featured_media":714,"comment_status":"open","ping_status":"closed","template":"","meta":{"_et_pb_use_builder":"","_et_pb_old_content":"","_et_gb_content_width":""},"product_cat":[18],"product_tag":[],"_links":{"self":[{"href":"https:\/\/latiendadeleidy.online\/index.php\/wp-json\/wp\/v2\/product\/712"}],"collection":[{"href":"https:\/\/latiendadeleidy.online\/index.php\/wp-json\/wp\/v2\/product"}],"about":[{"href":"https:\/\/latiendadeleidy.online\/index.php\/wp-json\/wp\/v2\/types\/product"}],"replies":[{"embeddable":true,"href":"https:\/\/latiendadeleidy.online\/index.php\/wp-json\/wp\/v2\/comments?post=712"}],"wp:featuredmedia":[{"embeddable":true,"href":"https:\/\/latiendadeleidy.online\/index.php\/wp-json\/wp\/v2\/media\/714"}],"wp:attachment":[{"href":"https:\/\/latiendadeleidy.online\/index.php\/wp-json\/wp\/v2\/media?parent=712"}],"wp:term":[{"taxonomy":"product_cat","embeddable":true,"href":"https:\/\/latiendadeleidy.online\/index.php\/wp-json\/wp\/v2\/product_cat?post=712"},{"taxonomy":"product_tag","embeddable":true,"href":"https:\/\/latiendadeleidy.online\/index.php\/wp-json\/wp\/v2\/product_tag?post=712"}],"curies":[{"name":"wp","href":"https:\/\/api.w.org\/{rel}","templated":true}]}}