{"id":615,"date":"2024-09-07T17:17:40","date_gmt":"2024-09-07T17:17:40","guid":{"rendered":"https:\/\/latiendadeleidy.online\/index.php\/producto\/dispensador-de-agua-automatico-electrico\/"},"modified":"2024-12-13T16:23:33","modified_gmt":"2024-12-13T16:23:33","slug":"dispensador-de-agua-automatico-electrico","status":"publish","type":"product","link":"https:\/\/latiendadeleidy.online\/index.php\/producto\/dispensador-de-agua-automatico-electrico\/","title":{"rendered":"Dispensador de agua autom\u00e1tico el\u00e9ctrico"},"content":{"rendered":"<h3>Tu nueva forma de disfrutar agua potable limpia y sin esfuerzo: <strong>Dispensador de Agua Autom\u00e1tico para Botella de 5 Galones<\/strong><\/h3>\n<p>Olv\u00eddate de cargar pesados garrafones y hacer malabares con bombas manuales. Con el <strong>Dispensador de Agua Autom\u00e1tico<\/strong> para botellas de 5 galones, obtendr\u00e1s agua fresca y limpia con solo presionar un bot\u00f3n. \u00a1Ideal para cualquier ocasi\u00f3n, ya sea en casa, la oficina, picnics, o mientras est\u00e1s de viaje!<\/p>\n<p><strong>F\u00e1cil de usar y port\u00e1til<\/strong>: Este dispensador es compacto, ligero y completamente port\u00e1til, lo que lo convierte en el accesorio perfecto para llevar a donde lo necesites. Con su dise\u00f1o inteligente y autom\u00e1tico, te proporciona acceso r\u00e1pido y f\u00e1cil al agua potable con una simple pulsaci\u00f3n.<\/p>\n<p><img decoding=\"async\" loading=\"lazy\" class=\"size-medium wp-image-496 aligncenter\" src=\"http:\/\/latiendademartha.online\/wp-content\/uploads\/2024\/09\/573770-300x300.png\" alt=\"\" width=\"300\" height=\"300\" \/><\/p>\n<p><strong>Higi\u00e9nico y seguro<\/strong>: Fabricado con <strong>pl\u00e1stico ABS de alta densidad<\/strong> y <strong>tubo de silicona de grado alimenticio<\/strong>, este dispensador es libre de BPA, no t\u00f3xico y sin olores, garantizando que cada gota de agua sea segura para ti y tu familia. Ideal para el hogar, la cocina, la oficina, y actividades al aire libre como camping y picnics.<\/p>\n<p><strong>Carga r\u00e1pida y eficiente<\/strong>: Equipado con una bater\u00eda recargable de <strong>1200 mAh<\/strong>, podr\u00e1s disfrutar hasta <strong>30 d\u00edas de uso<\/strong> con una sola carga. Adem\u00e1s, su potente motor garantiza un bombeo r\u00e1pido y silencioso, brind\u00e1ndote agua en segundos sin el ruido molesto de otros dispensadores.<\/p>\n<p><strong>Ll\u00e9valo a cualquier lugar<\/strong>: Perfecto para personas que buscan comodidad en el d\u00eda a d\u00eda, ya no tendr\u00e1s que cargar o inclinar botellas pesadas. Solo coloca el dispensador sobre la botella y disfruta de agua fresca y limpia al instante.<\/p>\n","protected":false},"excerpt":{"rendered":"<p>Tu nueva forma de disfrutar agua potable limpia y sin esfuerzo: Dispensador de Agua Autom\u00e1tico para Botella de 5 Galones Olv\u00eddate de cargar pesados garrafones y hacer malabares con bombas manuales. Con el Dispensador de Agua Autom\u00e1tico para botellas de 5 galones, obtendr\u00e1s agua fresca y limpia con solo presionar un bot\u00f3n. \u00a1Ideal para cualquier [&hellip;]<\/p>\n","protected":false},"featured_media":616,"comment_status":"open","ping_status":"closed","template":"","meta":{"_et_pb_use_builder":"","_et_pb_old_content":"","_et_gb_content_width":""},"product_cat":[17],"product_tag":[],"_links":{"self":[{"href":"https:\/\/latiendadeleidy.online\/index.php\/wp-json\/wp\/v2\/product\/615"}],"collection":[{"href":"https:\/\/latiendadeleidy.online\/index.php\/wp-json\/wp\/v2\/product"}],"about":[{"href":"https:\/\/latiendadeleidy.online\/index.php\/wp-json\/wp\/v2\/types\/product"}],"replies":[{"embeddable":true,"href":"https:\/\/latiendadeleidy.online\/index.php\/wp-json\/wp\/v2\/comments?post=615"}],"wp:featuredmedia":[{"embeddable":true,"href":"https:\/\/latiendadeleidy.online\/index.php\/wp-json\/wp\/v2\/media\/616"}],"wp:attachment":[{"href":"https:\/\/latiendadeleidy.online\/index.php\/wp-json\/wp\/v2\/media?parent=615"}],"wp:term":[{"taxonomy":"product_cat","embeddable":true,"href":"https:\/\/latiendadeleidy.online\/index.php\/wp-json\/wp\/v2\/product_cat?post=615"},{"taxonomy":"product_tag","embeddable":true,"href":"https:\/\/latiendadeleidy.online\/index.php\/wp-json\/wp\/v2\/product_tag?post=615"}],"curies":[{"name":"wp","href":"https:\/\/api.w.org\/{rel}","templated":true}]}}