{"id":593,"date":"2024-09-05T16:51:31","date_gmt":"2024-09-05T16:51:31","guid":{"rendered":"https:\/\/latiendadeleidy.online\/index.php\/producto\/parasol-plegable-para-parabrisas-som-1\/"},"modified":"2024-09-05T17:26:33","modified_gmt":"2024-09-05T17:26:33","slug":"parasol-plegable-para-parabrisas-som-1","status":"publish","type":"product","link":"https:\/\/latiendadeleidy.online\/index.php\/producto\/parasol-plegable-para-parabrisas-som-1\/","title":{"rendered":"Parasol plegable para parabrisas SOM-1"},"content":{"rendered":"<h1 style=\"text-align: center;\"><strong>Parasol Plegable para Parabrisas \u2013 Protecci\u00f3n M\u00e1xima para tu Auto<\/strong><\/h1>\n<h4>Protege tu Auto del Sol y Mant\u00e9n el Interior Fresco<\/h4>\n<p>Con este parasol plegable para parabrisas, ya no tendr\u00e1s que preocuparte por el calor sofocante dentro de tu auto o los da\u00f1os causados por los rayos UV. Bloquea el 99% de los rayos solares y reduce significativamente la temperatura del interior de tu veh\u00edculo, lo que evita que el volante, los asientos y el tablero se calienten excesivamente. Adem\u00e1s, protege el interior de tu coche de grietas y decoloraci\u00f3n, prolongando la vida \u00fatil de tus accesorios y tapicer\u00eda.<\/p>\n<h4>Beneficios Clave:<\/h4>\n<ul>\n<li><strong>Protecci\u00f3n UV Total:<\/strong> Evita el deterioro y decoloraci\u00f3n de los materiales interiores, como el cuero y los pl\u00e1sticos, preservando el aspecto nuevo de tu coche.<\/li>\n<li><strong>Temperatura m\u00e1s Baja:<\/strong> Mant\u00e9n el interior de tu auto hasta 20 grados m\u00e1s fresco, lo que hace que subirse al coche despu\u00e9s de estar bajo el sol sea mucho m\u00e1s c\u00f3modo.<\/li>\n<li><strong>Dise\u00f1o Compacto y Plegable:<\/strong> F\u00e1cil de usar y almacenar. Este parasol se pliega r\u00e1pidamente como un paraguas y ocupa muy poco espacio cuando no est\u00e1 en uso.<\/li>\n<li><strong>Durabilidad y Comodidad:<\/strong> Fabricado con un marco de metal resistente y un mango ergon\u00f3mico que proporciona una sujeci\u00f3n segura y c\u00f3moda, garantizando un producto duradero y eficaz.<\/li>\n<\/ul>\n<p><img decoding=\"async\" loading=\"lazy\" class=\"size-medium wp-image-601 aligncenter\" src=\"http:\/\/latiendadeleidy.online\/wp-content\/uploads\/2024\/09\/para-sol-2_1_11zon-300x300.webp\" alt=\"\" width=\"300\" height=\"300\" srcset=\"https:\/\/latiendadeleidy.online\/wp-content\/uploads\/2024\/09\/para-sol-2_1_11zon-300x300.webp 300w, https:\/\/latiendadeleidy.online\/wp-content\/uploads\/2024\/09\/para-sol-2_1_11zon-150x150.webp 150w, https:\/\/latiendadeleidy.online\/wp-content\/uploads\/2024\/09\/para-sol-2_1_11zon-480x480.webp 480w, https:\/\/latiendadeleidy.online\/wp-content\/uploads\/2024\/09\/para-sol-2_1_11zon-350x350.webp 350w, https:\/\/latiendadeleidy.online\/wp-content\/uploads\/2024\/09\/para-sol-2_1_11zon-100x100.webp 100w, https:\/\/latiendadeleidy.online\/wp-content\/uploads\/2024\/09\/para-sol-2_1_11zon.webp 576w\" sizes=\"(max-width: 300px) 100vw, 300px\" \/><\/p>\n<h4>Caracter\u00edsticas T\u00e9cnicas:<\/h4>\n<ul>\n<li><strong>Material:<\/strong> Eje de metal negro cromado y marco de metal fuerte<\/li>\n<li><strong>Tama\u00f1o:<\/strong> 140 x 78 cm<\/li>\n<li><strong>F\u00e1cil de guardar:<\/strong> Dise\u00f1o plegable y compacto<\/li>\n<\/ul>\n<h4>\u00a1Protege tu coche del sol y disfruta de un interior fresco con este parasol plegable para parabrisas!<\/h4>\n","protected":false},"excerpt":{"rendered":"<p>Parasol Plegable para Parabrisas \u2013 Protecci\u00f3n M\u00e1xima para tu Auto Protege tu Auto del Sol y Mant\u00e9n el Interior Fresco Con este parasol plegable para parabrisas, ya no tendr\u00e1s que preocuparte por el calor sofocante dentro de tu auto o los da\u00f1os causados por los rayos UV. Bloquea el 99% de los rayos solares y [&hellip;]<\/p>\n","protected":false},"featured_media":598,"comment_status":"open","ping_status":"closed","template":"","meta":{"_et_pb_use_builder":"","_et_pb_old_content":"","_et_gb_content_width":""},"product_cat":[22],"product_tag":[],"_links":{"self":[{"href":"https:\/\/latiendadeleidy.online\/index.php\/wp-json\/wp\/v2\/product\/593"}],"collection":[{"href":"https:\/\/latiendadeleidy.online\/index.php\/wp-json\/wp\/v2\/product"}],"about":[{"href":"https:\/\/latiendadeleidy.online\/index.php\/wp-json\/wp\/v2\/types\/product"}],"replies":[{"embeddable":true,"href":"https:\/\/latiendadeleidy.online\/index.php\/wp-json\/wp\/v2\/comments?post=593"}],"wp:featuredmedia":[{"embeddable":true,"href":"https:\/\/latiendadeleidy.online\/index.php\/wp-json\/wp\/v2\/media\/598"}],"wp:attachment":[{"href":"https:\/\/latiendadeleidy.online\/index.php\/wp-json\/wp\/v2\/media?parent=593"}],"wp:term":[{"taxonomy":"product_cat","embeddable":true,"href":"https:\/\/latiendadeleidy.online\/index.php\/wp-json\/wp\/v2\/product_cat?post=593"},{"taxonomy":"product_tag","embeddable":true,"href":"https:\/\/latiendadeleidy.online\/index.php\/wp-json\/wp\/v2\/product_tag?post=593"}],"curies":[{"name":"wp","href":"https:\/\/api.w.org\/{rel}","templated":true}]}}