{"id":580,"date":"2024-09-05T16:30:48","date_gmt":"2024-09-05T16:30:48","guid":{"rendered":"https:\/\/latiendadeleidy.online\/index.php\/producto\/set-herramientas-copas-ratchet-ldctpc\/"},"modified":"2024-09-05T17:37:50","modified_gmt":"2024-09-05T17:37:50","slug":"set-herramientas-copas","status":"publish","type":"product","link":"https:\/\/latiendadeleidy.online\/index.php\/producto\/set-herramientas-copas\/","title":{"rendered":"Set Herramientas Copas Ratchet"},"content":{"rendered":"<h1 style=\"text-align: center;\"><strong>Pr\u00e1ctico Set Herramientas Copas Ratchet<\/strong><\/h1>\n<p>Juego de copas con ratchet fabricados en acero al carb\u00f3n para mayor resistencia y duraci\u00f3n, cuenta con atornillador manual de 1\/4&#8243; y adaptadores de 3\/8&#8243; para usar las copas con ratchet, con pr\u00e1ctico estuche para facilitar su almacenamiento y transporte y evitar p\u00e9rdidas. Es el complemento ideal para ser usado en proyectos de hogar o talleres. Ideal para soltar o ajustar tuercas y tornillos en tareas de mantenimiento instalaci\u00f3n o reparaciones.<\/p>\n<p>\u2705<\/p>\n<ul>\n<li>1 Copa buj\u00eda<\/li>\n<li>1 extensor<\/li>\n<li>1 adaptador<\/li>\n<li>1 ratchet<\/li>\n<li>1 atornillador<\/li>\n<li>2 copas 3\/8&#8243; m\u00e9tricas<\/li>\n<li>14 copas 1\/4&#8243; m\u00e9tricas<\/li>\n<li>14 copas 1\/4 pulgadas<\/li>\n<li>3 copas octogonales<\/li>\n<li>1 estuche.<\/li>\n<\/ul>\n","protected":false},"excerpt":{"rendered":"<p>Pr\u00e1ctico Set Herramientas Copas Ratchet Juego de copas con ratchet fabricados en acero al carb\u00f3n para mayor resistencia y duraci\u00f3n, cuenta con atornillador manual de 1\/4&#8243; y adaptadores de 3\/8&#8243; para usar las copas con ratchet, con pr\u00e1ctico estuche para facilitar su almacenamiento y transporte y evitar p\u00e9rdidas. Es el complemento ideal para ser usado [&hellip;]<\/p>\n","protected":false},"featured_media":583,"comment_status":"open","ping_status":"closed","template":"","meta":{"_et_pb_use_builder":"","_et_pb_old_content":"","_et_gb_content_width":""},"product_cat":[22],"product_tag":[],"_links":{"self":[{"href":"https:\/\/latiendadeleidy.online\/index.php\/wp-json\/wp\/v2\/product\/580"}],"collection":[{"href":"https:\/\/latiendadeleidy.online\/index.php\/wp-json\/wp\/v2\/product"}],"about":[{"href":"https:\/\/latiendadeleidy.online\/index.php\/wp-json\/wp\/v2\/types\/product"}],"replies":[{"embeddable":true,"href":"https:\/\/latiendadeleidy.online\/index.php\/wp-json\/wp\/v2\/comments?post=580"}],"wp:featuredmedia":[{"embeddable":true,"href":"https:\/\/latiendadeleidy.online\/index.php\/wp-json\/wp\/v2\/media\/583"}],"wp:attachment":[{"href":"https:\/\/latiendadeleidy.online\/index.php\/wp-json\/wp\/v2\/media?parent=580"}],"wp:term":[{"taxonomy":"product_cat","embeddable":true,"href":"https:\/\/latiendadeleidy.online\/index.php\/wp-json\/wp\/v2\/product_cat?post=580"},{"taxonomy":"product_tag","embeddable":true,"href":"https:\/\/latiendadeleidy.online\/index.php\/wp-json\/wp\/v2\/product_tag?post=580"}],"curies":[{"name":"wp","href":"https:\/\/api.w.org\/{rel}","templated":true}]}}