{"id":58,"date":"2023-09-21T14:45:46","date_gmt":"2023-09-21T14:45:46","guid":{"rendered":"https:\/\/latiendadeleidy.online\/index.php\/producto\/protector-de-cabeza-para-bebe-fk23b-06\/"},"modified":"2023-10-13T21:22:33","modified_gmt":"2023-10-13T21:22:33","slug":"protector-de-cabeza-para-bebe-fk23b-06","status":"publish","type":"product","link":"https:\/\/latiendadeleidy.online\/index.php\/producto\/protector-de-cabeza-para-bebe-fk23b-06\/","title":{"rendered":"Protector de cabeza para bebe FK23B-06"},"content":{"rendered":"<p>PROTECTOR DE CABEZA PARA BEBE FK23B-06<br \/>\nCaracter\u00edsticas<\/p>\n<p>Dise\u00f1o pr\u00e1ctico: la gorra protectora para la cabeza del beb\u00e9 est\u00e1 especialmente dise\u00f1ada para ni\u00f1os y ni\u00f1as que gatean, con un excelente rendimiento de absorci\u00f3n de impactos. Cuando el beb\u00e9 gatea y camina, puede proporcionar protecci\u00f3n de 360\u00b0 para la cabeza del beb\u00e9, evitar la fricci\u00f3n y las colisiones, y reducir las lesiones en la cabeza del beb\u00e9.<br \/>\nC\u00f3modo: la parte superior de la gorra protectora es hueca, por lo que puede mantener la transpirabilidad sin preocuparse por la cabeza del beb\u00e9 congestionada. La gorra puede adaptarse bien a la cabeza a trav\u00e9s del cierre de velcro. Solo pesa 76 g, muy c\u00f3modo de llevar, sin carga.<br \/>\nGorra de protecci\u00f3n: esta pr\u00e1ctica gorra protectora de cabeza de beb\u00e9 es un gran regalo para beb\u00e9s que est\u00e1n aprendiendo a caminar, gatear o estar de pie. Ya sea que los ni\u00f1os jueguen en casa o al aire libre, este sombrero puede protegerlos de golpes y fricciones.<br \/>\nEspecificaciones<\/p>\n<p>Material: Poli\u00e9ster, algod\u00f3n<br \/>\nTama\u00f1o: 18 cm x 12 cm (7.09 x 4.72 pulgadas)<br \/>\nModelos: Orejas Blanco Estrella, Orejas Rosa Erizo, Orejas Gris Koala, Orejas Verde Buoh<br \/>\nBlanco, gris, verde y rosado<br \/>\nTu compra incluye<\/p>\n<p>Gorra Protectora De Cabeza Suave Para Caminar Y Gatear , De Beb\u00e9 Para Ni\u00f1os<\/p>\n","protected":false},"excerpt":{"rendered":"<p>PROTECTOR DE CABEZA PARA BEBE FK23B-06 Caracter\u00edsticas Dise\u00f1o pr\u00e1ctico: la gorra protectora para la cabeza del beb\u00e9 est\u00e1 especialmente dise\u00f1ada para ni\u00f1os y ni\u00f1as que gatean, con un excelente rendimiento de absorci\u00f3n de impactos. Cuando el beb\u00e9 gatea y camina, puede proporcionar protecci\u00f3n de 360\u00b0 para la cabeza del beb\u00e9, evitar la fricci\u00f3n y las [&hellip;]<\/p>\n","protected":false},"featured_media":399,"comment_status":"open","ping_status":"closed","template":"","meta":{"_et_pb_use_builder":"","_et_pb_old_content":"","_et_gb_content_width":""},"product_cat":[24],"product_tag":[],"_links":{"self":[{"href":"https:\/\/latiendadeleidy.online\/index.php\/wp-json\/wp\/v2\/product\/58"}],"collection":[{"href":"https:\/\/latiendadeleidy.online\/index.php\/wp-json\/wp\/v2\/product"}],"about":[{"href":"https:\/\/latiendadeleidy.online\/index.php\/wp-json\/wp\/v2\/types\/product"}],"replies":[{"embeddable":true,"href":"https:\/\/latiendadeleidy.online\/index.php\/wp-json\/wp\/v2\/comments?post=58"}],"wp:featuredmedia":[{"embeddable":true,"href":"https:\/\/latiendadeleidy.online\/index.php\/wp-json\/wp\/v2\/media\/399"}],"wp:attachment":[{"href":"https:\/\/latiendadeleidy.online\/index.php\/wp-json\/wp\/v2\/media?parent=58"}],"wp:term":[{"taxonomy":"product_cat","embeddable":true,"href":"https:\/\/latiendadeleidy.online\/index.php\/wp-json\/wp\/v2\/product_cat?post=58"},{"taxonomy":"product_tag","embeddable":true,"href":"https:\/\/latiendadeleidy.online\/index.php\/wp-json\/wp\/v2\/product_tag?post=58"}],"curies":[{"name":"wp","href":"https:\/\/api.w.org\/{rel}","templated":true}]}}