{"id":547,"date":"2024-09-04T16:07:39","date_gmt":"2024-09-04T16:07:39","guid":{"rendered":"https:\/\/latiendadeleidy.online\/index.php\/producto\/organizador-de-zapatos-metalic-6-niveles\/"},"modified":"2024-09-04T19:33:31","modified_gmt":"2024-09-04T19:33:31","slug":"organizador-de-zapatos-metalic-6-niveles","status":"publish","type":"product","link":"https:\/\/latiendadeleidy.online\/index.php\/producto\/organizador-de-zapatos-metalic-6-niveles\/","title":{"rendered":"Organizador De Zapatos Metalic 6 Niveles"},"content":{"rendered":"<h1 style=\"text-align: center;\"><strong>\u00a1Super Organizador de Zapatos de 6 Niveles \u2013 Ordena y Protege tu Calzado!<\/strong><\/h1>\n<h4>Maximiza tu Espacio<\/h4>\n<p>Este organizador de 6 niveles es perfecto para mantener tu armario en orden. Con capacidad para almacenar entre 12 y 18 pares de zapatos de adulto, o hasta 18 pares de tallas m\u00e1s peque\u00f1as, es ideal para mantener todos tus zapatos organizados y en buen estado.<\/p>\n<h4>F\u00e1cil y R\u00e1pido de Armar<\/h4>\n<p>Dise\u00f1ado para un montaje sencillo, este organizador es perfecto para cualquier persona que quiera organizar su calzado sin complicaciones. Solo sigue las instrucciones, y en minutos tendr\u00e1s tu espacio completamente ordenado.<\/p>\n<h4>Durabilidad y Resistencia<\/h4>\n<p>Fabricado con l\u00e1minas de aluminio para ofrecer mayor resistencia al peso, combinado con uniones pl\u00e1sticas que garantizan una estructura estable. Este organizador no solo mantiene tus zapatos en su lugar, sino que tambi\u00e9n resiste el uso diario.<\/p>\n<p style=\"text-align: center;\"><img decoding=\"async\" loading=\"lazy\" class=\"alignnone size-medium wp-image-552\" src=\"http:\/\/latiendadeleidy.online\/wp-content\/uploads\/2024\/09\/zapatero-metalico-300x300.webp\" alt=\"\" width=\"300\" height=\"300\" srcset=\"https:\/\/latiendadeleidy.online\/wp-content\/uploads\/2024\/09\/zapatero-metalico-300x300.webp 300w, https:\/\/latiendadeleidy.online\/wp-content\/uploads\/2024\/09\/zapatero-metalico-150x150.webp 150w, https:\/\/latiendadeleidy.online\/wp-content\/uploads\/2024\/09\/zapatero-metalico-480x480.webp 480w, https:\/\/latiendadeleidy.online\/wp-content\/uploads\/2024\/09\/zapatero-metalico-350x350.webp 350w, https:\/\/latiendadeleidy.online\/wp-content\/uploads\/2024\/09\/zapatero-metalico-100x100.webp 100w, https:\/\/latiendadeleidy.online\/wp-content\/uploads\/2024\/09\/zapatero-metalico.webp 600w\" sizes=\"(max-width: 300px) 100vw, 300px\" \/><\/p>\n<h4>Cuidados Sencillos<\/h4>\n<p>Mant\u00e9n tu organizador en \u00f3ptimas condiciones limpi\u00e1ndolo peri\u00f3dicamente con un pa\u00f1o suave. Evita el uso de abrasivos o esponjillas que puedan da\u00f1ar la superficie, asegurando as\u00ed su durabilidad a largo plazo.<\/p>\n<p>Tama\u00f1o:<\/p>\n<p>110cm\u00a0 de alto<\/p>\n<p>27cm de fondo<\/p>\n<p>&nbsp;<\/p>\n<h4>\u00a1Organiza tu calzado y optimiza tu espacio hoy mismo con este pr\u00e1ctico organizador de zapatos!<\/h4>\n","protected":false},"excerpt":{"rendered":"<p>\u00a1Super Organizador de Zapatos de 6 Niveles \u2013 Ordena y Protege tu Calzado! Maximiza tu Espacio Este organizador de 6 niveles es perfecto para mantener tu armario en orden. Con capacidad para almacenar entre 12 y 18 pares de zapatos de adulto, o hasta 18 pares de tallas m\u00e1s peque\u00f1as, es ideal para mantener todos [&hellip;]<\/p>\n","protected":false},"featured_media":551,"comment_status":"open","ping_status":"closed","template":"","meta":{"_et_pb_use_builder":"","_et_pb_old_content":"","_et_gb_content_width":""},"product_cat":[17],"product_tag":[],"_links":{"self":[{"href":"https:\/\/latiendadeleidy.online\/index.php\/wp-json\/wp\/v2\/product\/547"}],"collection":[{"href":"https:\/\/latiendadeleidy.online\/index.php\/wp-json\/wp\/v2\/product"}],"about":[{"href":"https:\/\/latiendadeleidy.online\/index.php\/wp-json\/wp\/v2\/types\/product"}],"replies":[{"embeddable":true,"href":"https:\/\/latiendadeleidy.online\/index.php\/wp-json\/wp\/v2\/comments?post=547"}],"wp:featuredmedia":[{"embeddable":true,"href":"https:\/\/latiendadeleidy.online\/index.php\/wp-json\/wp\/v2\/media\/551"}],"wp:attachment":[{"href":"https:\/\/latiendadeleidy.online\/index.php\/wp-json\/wp\/v2\/media?parent=547"}],"wp:term":[{"taxonomy":"product_cat","embeddable":true,"href":"https:\/\/latiendadeleidy.online\/index.php\/wp-json\/wp\/v2\/product_cat?post=547"},{"taxonomy":"product_tag","embeddable":true,"href":"https:\/\/latiendadeleidy.online\/index.php\/wp-json\/wp\/v2\/product_tag?post=547"}],"curies":[{"name":"wp","href":"https:\/\/api.w.org\/{rel}","templated":true}]}}