{"id":540,"date":"2024-09-03T22:28:10","date_gmt":"2024-09-03T22:28:10","guid":{"rendered":"https:\/\/latiendadeleidy.online\/index.php\/producto\/organizador-de-escobas-traperos-5-puestos\/"},"modified":"2024-09-03T22:33:59","modified_gmt":"2024-09-03T22:33:59","slug":"organizador-de-escobas-traperos-5-puestos","status":"publish","type":"product","link":"https:\/\/latiendadeleidy.online\/index.php\/producto\/organizador-de-escobas-traperos-5-puestos\/","title":{"rendered":"Organizador de Escobas, Traperos 5 Puestos"},"content":{"rendered":"<h3>Organizador de Escobas y Traperos \u2013 Orden y Funcionalidad en un Solo Producto<\/h3>\n<h4>Alta Calidad y Durabilidad<\/h4>\n<p>Fabricado con pl\u00e1stico ABS de alta calidad, este organizador es ecol\u00f3gico, resistente y dise\u00f1ado para soportar el uso diario en cualquier espacio.<\/p>\n<h4>Multiusos y Vers\u00e1til<\/h4>\n<p>Perfecto para mantener tu garaje, jard\u00edn, cocina, lavander\u00eda, o cualquier otro lugar en orden. Con 5 espacios para traperas o escobas y 6 ganchos flexibles, puedes almacenar todo tipo de utensilios, desde llaves hasta toallas y cepillos.<\/p>\n<p style=\"text-align: center;\"><img decoding=\"async\" loading=\"lazy\" class=\"alignnone size-medium wp-image-545\" src=\"http:\/\/latiendadeleidy.online\/wp-content\/uploads\/2024\/09\/organizador-2-300x300.webp\" alt=\"\" width=\"300\" height=\"300\" srcset=\"https:\/\/latiendadeleidy.online\/wp-content\/uploads\/2024\/09\/organizador-2-300x300.webp 300w, https:\/\/latiendadeleidy.online\/wp-content\/uploads\/2024\/09\/organizador-2-1024x1024.webp 1024w, https:\/\/latiendadeleidy.online\/wp-content\/uploads\/2024\/09\/organizador-2-150x150.webp 150w, https:\/\/latiendadeleidy.online\/wp-content\/uploads\/2024\/09\/organizador-2-768x768.webp 768w, https:\/\/latiendadeleidy.online\/wp-content\/uploads\/2024\/09\/organizador-2-1080x1080.webp 1080w, https:\/\/latiendadeleidy.online\/wp-content\/uploads\/2024\/09\/organizador-2-980x980.webp 980w, https:\/\/latiendadeleidy.online\/wp-content\/uploads\/2024\/09\/organizador-2-480x480.webp 480w, https:\/\/latiendadeleidy.online\/wp-content\/uploads\/2024\/09\/organizador-2-350x350.webp 350w, https:\/\/latiendadeleidy.online\/wp-content\/uploads\/2024\/09\/organizador-2-700x700.webp 700w, https:\/\/latiendadeleidy.online\/wp-content\/uploads\/2024\/09\/organizador-2-100x100.webp 100w, https:\/\/latiendadeleidy.online\/wp-content\/uploads\/2024\/09\/organizador-2.webp 1200w\" sizes=\"(max-width: 300px) 100vw, 300px\" \/><\/p>\n<h4>Pr\u00e1ctico y F\u00e1cil de Usar<\/h4>\n<p>El mecanismo de bolas rodantes ajusta autom\u00e1ticamente el agarre para mantener las escobas y traperos seguros. Solo necesitas levantar el mango para liberarlos cuando los necesites.<\/p>\n<h4>Instalaci\u00f3n Sencilla<\/h4>\n<p>Incluye 6 chazos y 6 tornillos para un montaje r\u00e1pido y seguro en cualquier pared. \u00a1Empieza a disfrutar de un espacio organizado hoy mismo!<\/p>\n<p style=\"text-align: center;\"><span style=\"color: #ff9900;\">\u00a1\u00daLTIMAS UNIDADES!<\/span><\/p>\n","protected":false},"excerpt":{"rendered":"<p>Organizador de Escobas y Traperos \u2013 Orden y Funcionalidad en un Solo Producto Alta Calidad y Durabilidad Fabricado con pl\u00e1stico ABS de alta calidad, este organizador es ecol\u00f3gico, resistente y dise\u00f1ado para soportar el uso diario en cualquier espacio. Multiusos y Vers\u00e1til Perfecto para mantener tu garaje, jard\u00edn, cocina, lavander\u00eda, o cualquier otro lugar en [&hellip;]<\/p>\n","protected":false},"featured_media":543,"comment_status":"open","ping_status":"closed","template":"","meta":{"_et_pb_use_builder":"","_et_pb_old_content":"","_et_gb_content_width":""},"product_cat":[17],"product_tag":[],"_links":{"self":[{"href":"https:\/\/latiendadeleidy.online\/index.php\/wp-json\/wp\/v2\/product\/540"}],"collection":[{"href":"https:\/\/latiendadeleidy.online\/index.php\/wp-json\/wp\/v2\/product"}],"about":[{"href":"https:\/\/latiendadeleidy.online\/index.php\/wp-json\/wp\/v2\/types\/product"}],"replies":[{"embeddable":true,"href":"https:\/\/latiendadeleidy.online\/index.php\/wp-json\/wp\/v2\/comments?post=540"}],"wp:featuredmedia":[{"embeddable":true,"href":"https:\/\/latiendadeleidy.online\/index.php\/wp-json\/wp\/v2\/media\/543"}],"wp:attachment":[{"href":"https:\/\/latiendadeleidy.online\/index.php\/wp-json\/wp\/v2\/media?parent=540"}],"wp:term":[{"taxonomy":"product_cat","embeddable":true,"href":"https:\/\/latiendadeleidy.online\/index.php\/wp-json\/wp\/v2\/product_cat?post=540"},{"taxonomy":"product_tag","embeddable":true,"href":"https:\/\/latiendadeleidy.online\/index.php\/wp-json\/wp\/v2\/product_tag?post=540"}],"curies":[{"name":"wp","href":"https:\/\/api.w.org\/{rel}","templated":true}]}}