{"id":53,"date":"2023-09-21T14:42:40","date_gmt":"2023-09-21T14:42:40","guid":{"rendered":"https:\/\/latiendadeleidy.online\/index.php\/producto\/boligrafo-acupuntura-4-en-1-fk23b-29\/"},"modified":"2023-10-13T21:11:29","modified_gmt":"2023-10-13T21:11:29","slug":"boligrafo-acupuntura-4-en-1-fk23b-29","status":"publish","type":"product","link":"https:\/\/latiendadeleidy.online\/index.php\/producto\/boligrafo-acupuntura-4-en-1-fk23b-29\/","title":{"rendered":"Boligrafo acupuntura 4 en 1 FK23B-29"},"content":{"rendered":"<p>BOLIGRAFO ACUPUNTURA 4 EN 1 FK23B-29<br \/>\nFK23B-29<\/p>\n<p>Caracter\u00edsticas<\/p>\n<p>Punto de nodo: terapia de nodo, que es aplicable para dolores corporales parciales.<br \/>\nEsferoidal: Terapia parcial, que es aplicable para aliviar r\u00e1pidamente el dolor.<br \/>\nRaspado: Terapia de raspado, que es aplicable para acupuntura y circulaci\u00f3n sangu\u00ednea<br \/>\nEspecificaciones<\/p>\n<p>viene con 4 cabezales \u00fanicos<br \/>\nCon funci\u00f3n recargable USB<br \/>\ncon pantalla LED<br \/>\nTu compra incluye<\/p>\n<p>Bol\u00edgrafo (4 cabezas)<\/p>\n","protected":false},"excerpt":{"rendered":"<p>BOLIGRAFO ACUPUNTURA 4 EN 1 FK23B-29 FK23B-29 Caracter\u00edsticas Punto de nodo: terapia de nodo, que es aplicable para dolores corporales parciales. Esferoidal: Terapia parcial, que es aplicable para aliviar r\u00e1pidamente el dolor. Raspado: Terapia de raspado, que es aplicable para acupuntura y circulaci\u00f3n sangu\u00ednea Especificaciones viene con 4 cabezales \u00fanicos Con funci\u00f3n recargable USB con [&hellip;]<\/p>\n","protected":false},"featured_media":391,"comment_status":"open","ping_status":"closed","template":"","meta":{"_et_pb_use_builder":"","_et_pb_old_content":"","_et_gb_content_width":""},"product_cat":[17],"product_tag":[],"_links":{"self":[{"href":"https:\/\/latiendadeleidy.online\/index.php\/wp-json\/wp\/v2\/product\/53"}],"collection":[{"href":"https:\/\/latiendadeleidy.online\/index.php\/wp-json\/wp\/v2\/product"}],"about":[{"href":"https:\/\/latiendadeleidy.online\/index.php\/wp-json\/wp\/v2\/types\/product"}],"replies":[{"embeddable":true,"href":"https:\/\/latiendadeleidy.online\/index.php\/wp-json\/wp\/v2\/comments?post=53"}],"wp:featuredmedia":[{"embeddable":true,"href":"https:\/\/latiendadeleidy.online\/index.php\/wp-json\/wp\/v2\/media\/391"}],"wp:attachment":[{"href":"https:\/\/latiendadeleidy.online\/index.php\/wp-json\/wp\/v2\/media?parent=53"}],"wp:term":[{"taxonomy":"product_cat","embeddable":true,"href":"https:\/\/latiendadeleidy.online\/index.php\/wp-json\/wp\/v2\/product_cat?post=53"},{"taxonomy":"product_tag","embeddable":true,"href":"https:\/\/latiendadeleidy.online\/index.php\/wp-json\/wp\/v2\/product_tag?post=53"}],"curies":[{"name":"wp","href":"https:\/\/api.w.org\/{rel}","templated":true}]}}