{"id":495,"date":"2024-09-02T16:43:53","date_gmt":"2024-09-02T16:43:53","guid":{"rendered":"https:\/\/latiendadeleidy.online\/index.php\/producto\/pulidor-callos-electrico-repuestos-5\/"},"modified":"2024-09-02T16:50:41","modified_gmt":"2024-09-02T16:50:41","slug":"pulidor-callos-electrico-repuestos-5","status":"publish","type":"product","link":"https:\/\/latiendadeleidy.online\/index.php\/producto\/pulidor-callos-electrico-repuestos-5\/","title":{"rendered":"Pulidor callos el\u00e9ctrico + Repuestos"},"content":{"rendered":"<p>&nbsp;<\/p>\n<h1 style=\"text-align: center;\"><strong>Espectacular Pulidor callos el\u00e9ctrico + Repuestos<\/strong><\/h1>\n<p>&nbsp;<\/p>\n<p>VELOCIDAD AJUSTABLE: Esta m\u00e1quina eliminadora de callos de pie tiene un controlador de velocidad separado, f\u00e1cil de controlar su velocidad como su solicitud, r\u00e1pida o lenta, m\u00e1s conveniente.<\/p>\n<p>El archivo el\u00e9ctrico de pie admite un potente motor: rotaci\u00f3n de 360 grados para eliminar el tal\u00f3n del pie agrietado, seco y muerto, callosidades. Bajo ruido y vibraci\u00f3n para un agarre suave y c\u00f3modo y un funcionamiento prolongado.<\/p>\n<p>Con 60 discos de papel de lija reemplazables: autoadhesivo, sin necesidad de pegamento, f\u00e1cil de pegar y quitar, garantiza que cada uno tenga una almohadilla de lija limpia, perfecta para sal\u00f3n de u\u00f1as o uso familiar, m\u00e1s saludable e higi\u00e9nico.<\/p>\n","protected":false},"excerpt":{"rendered":"<p>&nbsp; Espectacular Pulidor callos el\u00e9ctrico + Repuestos &nbsp; VELOCIDAD AJUSTABLE: Esta m\u00e1quina eliminadora de callos de pie tiene un controlador de velocidad separado, f\u00e1cil de controlar su velocidad como su solicitud, r\u00e1pida o lenta, m\u00e1s conveniente. El archivo el\u00e9ctrico de pie admite un potente motor: rotaci\u00f3n de 360 grados para eliminar el tal\u00f3n del pie [&hellip;]<\/p>\n","protected":false},"featured_media":497,"comment_status":"open","ping_status":"closed","template":"","meta":{"_et_pb_use_builder":"","_et_pb_old_content":"","_et_gb_content_width":""},"product_cat":[18],"product_tag":[],"_links":{"self":[{"href":"https:\/\/latiendadeleidy.online\/index.php\/wp-json\/wp\/v2\/product\/495"}],"collection":[{"href":"https:\/\/latiendadeleidy.online\/index.php\/wp-json\/wp\/v2\/product"}],"about":[{"href":"https:\/\/latiendadeleidy.online\/index.php\/wp-json\/wp\/v2\/types\/product"}],"replies":[{"embeddable":true,"href":"https:\/\/latiendadeleidy.online\/index.php\/wp-json\/wp\/v2\/comments?post=495"}],"wp:featuredmedia":[{"embeddable":true,"href":"https:\/\/latiendadeleidy.online\/index.php\/wp-json\/wp\/v2\/media\/497"}],"wp:attachment":[{"href":"https:\/\/latiendadeleidy.online\/index.php\/wp-json\/wp\/v2\/media?parent=495"}],"wp:term":[{"taxonomy":"product_cat","embeddable":true,"href":"https:\/\/latiendadeleidy.online\/index.php\/wp-json\/wp\/v2\/product_cat?post=495"},{"taxonomy":"product_tag","embeddable":true,"href":"https:\/\/latiendadeleidy.online\/index.php\/wp-json\/wp\/v2\/product_tag?post=495"}],"curies":[{"name":"wp","href":"https:\/\/api.w.org\/{rel}","templated":true}]}}