{"id":481,"date":"2024-09-02T16:16:01","date_gmt":"2024-09-02T16:16:01","guid":{"rendered":"https:\/\/latiendadeleidy.online\/index.php\/producto\/organizador-de-maquillaje-360\/"},"modified":"2024-09-02T16:20:07","modified_gmt":"2024-09-02T16:20:07","slug":"organizador-de-maquillaje-360","status":"publish","type":"product","link":"https:\/\/latiendadeleidy.online\/index.php\/producto\/organizador-de-maquillaje-360\/","title":{"rendered":"Organizador De Maquillaje 360"},"content":{"rendered":"<div id=\"pn_id_3_content\" class=\"p-tabview-panel ng-star-inserted\" role=\"tabpanel\" aria-hidden=\"false\" aria-labelledby=\"pn_id_3_header_action\" data-pc-name=\"tabpanel\">\n<div id=\"descriptionContainer\" class=\"ng-star-inserted\">\n<p>ORGANIZADOR COSM\u00c9TICO DE DIAMANTE DECORATIVO ROTATORIO 360<\/p>\n<p>Almacenamiento de cosm\u00e9ticos giratorio de 360 grados, estante de dise\u00f1o de cristal para maquillaje y otros productos.<\/p>\n<p>Caracter\u00edsticas principales:<\/p>\n<p>maravillosa vitrina cosm\u00e9tica.<\/p>\n<p>Material Cristal acr\u00edlico y aspecto brillante F\u00e1cil de instalar y ajustar<\/p>\n<p>CAPACIDAD EXTRA GRANDE Se puede utilizar para organizar varios art\u00edculos como cosm\u00e9ticos, joyas, etc.<\/p>\n<p>Consta de varios estantes y estantes para proporcionar m\u00e1s espacio de almacenamiento.<\/p>\n<\/div>\n<\/div>\n","protected":false},"excerpt":{"rendered":"<p>ORGANIZADOR COSM\u00c9TICO DE DIAMANTE DECORATIVO ROTATORIO 360 Almacenamiento de cosm\u00e9ticos giratorio de 360 grados, estante de dise\u00f1o de cristal para maquillaje y otros productos. Caracter\u00edsticas principales: maravillosa vitrina cosm\u00e9tica. Material Cristal acr\u00edlico y aspecto brillante F\u00e1cil de instalar y ajustar CAPACIDAD EXTRA GRANDE Se puede utilizar para organizar varios art\u00edculos como cosm\u00e9ticos, joyas, etc. Consta [&hellip;]<\/p>\n","protected":false},"featured_media":485,"comment_status":"open","ping_status":"closed","template":"","meta":{"_et_pb_use_builder":"","_et_pb_old_content":"","_et_gb_content_width":""},"product_cat":[18],"product_tag":[],"_links":{"self":[{"href":"https:\/\/latiendadeleidy.online\/index.php\/wp-json\/wp\/v2\/product\/481"}],"collection":[{"href":"https:\/\/latiendadeleidy.online\/index.php\/wp-json\/wp\/v2\/product"}],"about":[{"href":"https:\/\/latiendadeleidy.online\/index.php\/wp-json\/wp\/v2\/types\/product"}],"replies":[{"embeddable":true,"href":"https:\/\/latiendadeleidy.online\/index.php\/wp-json\/wp\/v2\/comments?post=481"}],"wp:featuredmedia":[{"embeddable":true,"href":"https:\/\/latiendadeleidy.online\/index.php\/wp-json\/wp\/v2\/media\/485"}],"wp:attachment":[{"href":"https:\/\/latiendadeleidy.online\/index.php\/wp-json\/wp\/v2\/media?parent=481"}],"wp:term":[{"taxonomy":"product_cat","embeddable":true,"href":"https:\/\/latiendadeleidy.online\/index.php\/wp-json\/wp\/v2\/product_cat?post=481"},{"taxonomy":"product_tag","embeddable":true,"href":"https:\/\/latiendadeleidy.online\/index.php\/wp-json\/wp\/v2\/product_tag?post=481"}],"curies":[{"name":"wp","href":"https:\/\/api.w.org\/{rel}","templated":true}]}}