{"id":477,"date":"2024-09-02T16:06:27","date_gmt":"2024-09-02T16:06:27","guid":{"rendered":"https:\/\/latiendadeleidy.online\/index.php\/producto\/masajeador-sculptor-body-infrarrojo-red\/"},"modified":"2024-09-02T16:15:39","modified_gmt":"2024-09-02T16:15:39","slug":"masajeador-sculptor-body-infrarrojo-red","status":"publish","type":"product","link":"https:\/\/latiendadeleidy.online\/index.php\/producto\/masajeador-sculptor-body-infrarrojo-red\/","title":{"rendered":"Masajeador Sculptor Body Infrarrojo Red"},"content":{"rendered":"<h1 style=\"text-align: center;\">\u00a1Poderoso Masajeador!<\/h1>\n<h4 style=\"text-align: center;\">\u00bfQuieres remover la grasa localizada o quieres un cambio radical en todo tu cuerpo?<\/h4>\n<p>Solo tienes que usar el NUEVO SCULPTOR BODY MASSAGER por tan solo 10 minutos al d\u00eda y te asombraras de los resultados.<br \/>\nCaracter\u00edsticas Principales:<br \/>\n-Ayuda a combatir la celulitis<br \/>\n-Elimina grasa localizada<br \/>\n-T&#8221; tu cuerpo<br \/>\n-Ayuda a la circulaci\u00f3n sangu\u00ednea<br \/>\n-No da\u00f1a ni irrita tu piel<br \/>\n-Puedes c&#8221; la intensidad del movimiento<br \/>\n-Masajea, suaviza y relaja tu piel<br \/>\n-Ayuda a esculpir tu figura<br \/>\n-Utilizable en abdomen, derrier, piernas, brazos, cuello, espalda y otras partes de tu cuerpo<br \/>\n-Dise\u00f1o ergon\u00f3mico<br \/>\n-Cuatro cabezales para distintos masajes<\/p>\n","protected":false},"excerpt":{"rendered":"<p>\u00a1Poderoso Masajeador! \u00bfQuieres remover la grasa localizada o quieres un cambio radical en todo tu cuerpo? Solo tienes que usar el NUEVO SCULPTOR BODY MASSAGER por tan solo 10 minutos al d\u00eda y te asombraras de los resultados. Caracter\u00edsticas Principales: -Ayuda a combatir la celulitis -Elimina grasa localizada -T&#8221; tu cuerpo -Ayuda a la circulaci\u00f3n [&hellip;]<\/p>\n","protected":false},"featured_media":479,"comment_status":"open","ping_status":"closed","template":"","meta":{"_et_pb_use_builder":"","_et_pb_old_content":"","_et_gb_content_width":""},"product_cat":[18],"product_tag":[],"_links":{"self":[{"href":"https:\/\/latiendadeleidy.online\/index.php\/wp-json\/wp\/v2\/product\/477"}],"collection":[{"href":"https:\/\/latiendadeleidy.online\/index.php\/wp-json\/wp\/v2\/product"}],"about":[{"href":"https:\/\/latiendadeleidy.online\/index.php\/wp-json\/wp\/v2\/types\/product"}],"replies":[{"embeddable":true,"href":"https:\/\/latiendadeleidy.online\/index.php\/wp-json\/wp\/v2\/comments?post=477"}],"wp:featuredmedia":[{"embeddable":true,"href":"https:\/\/latiendadeleidy.online\/index.php\/wp-json\/wp\/v2\/media\/479"}],"wp:attachment":[{"href":"https:\/\/latiendadeleidy.online\/index.php\/wp-json\/wp\/v2\/media?parent=477"}],"wp:term":[{"taxonomy":"product_cat","embeddable":true,"href":"https:\/\/latiendadeleidy.online\/index.php\/wp-json\/wp\/v2\/product_cat?post=477"},{"taxonomy":"product_tag","embeddable":true,"href":"https:\/\/latiendadeleidy.online\/index.php\/wp-json\/wp\/v2\/product_tag?post=477"}],"curies":[{"name":"wp","href":"https:\/\/api.w.org\/{rel}","templated":true}]}}