{"id":472,"date":"2024-09-02T15:47:07","date_gmt":"2024-09-02T15:47:07","guid":{"rendered":"https:\/\/latiendadeleidy.online\/index.php\/producto\/tonico-facial-despigmentante-e-iluminado\/"},"modified":"2024-09-02T15:55:55","modified_gmt":"2024-09-02T15:55:55","slug":"tonico-facial-despigmentante-e-iluminado","status":"publish","type":"product","link":"https:\/\/latiendadeleidy.online\/index.php\/producto\/tonico-facial-despigmentante-e-iluminado\/","title":{"rendered":"TONICO FACIAL DESPIGMENTANTE E ILUMINADO"},"content":{"rendered":"<h1 style=\"text-align: center;\">\u00a1T\u00f3nico Facial Despigmentante e Iluminador!<\/h1>\n<h4>\u00a1Descubre el Secreto para una Piel Radiante y Uniforme!<\/h4>\n<p>\u00bfTe has dado cuenta de c\u00f3mo las manchas, imperfecciones y ojeras han opacado la luminosidad natural de tu rostro? No est\u00e1s sola, y tenemos la soluci\u00f3n perfecta para ti.<\/p>\n<h4>\u00a0La Ciencia Detr\u00e1s de una Piel Perfecta<\/h4>\n<p>El T\u00f3nico Facial Alma est\u00e1 formulado con una poderosa combinaci\u00f3n de ingredientes activos que transformar\u00e1n tu piel. El \u00e1cido salic\u00edlico, glic\u00f3lico y l\u00e1ctico trabajan en sinergia para desvanecer manchas, corregir imperfecciones y reducir ojeras, mientras previenen y disminuyen el acn\u00e9. Este t\u00f3nico no solo trata, sino que revitaliza, devolviendo a tu piel la claridad y luminosidad que se merecen.<\/p>\n<h4>\u00a0Una Rutina Nocturna que Cambia Todo<\/h4>\n<p>Imagina despertar cada ma\u00f1ana con una piel m\u00e1s uniforme, clara y radiante. Al aplicar el T\u00f3nico Facial Alma antes de dormir, est\u00e1s invirtiendo en una piel rejuvenecida que refleja salud y belleza. Su uso nocturno es sencillo, pero los resultados son impresionantes.<\/p>\n<h4>\u00a0\u00a1Es Hora de Transformar Tu Piel!<\/h4>\n<p>No esperes m\u00e1s para darle a tu piel el cuidado que necesita. Con solo 30ml, tienes el poder de desvanecer manchas y prevenir imperfecciones mientras duermes. Haz clic aqu\u00ed para obtener el T\u00f3nico Facial Alma y empieza a ver la diferencia desde la primera noche. \u00a1Tu piel te lo agradecer\u00e1!<\/p>\n<hr \/>\n<p><strong>Modo de uso:<\/strong> Aplica en la noche con una mota de algod\u00f3n, cubriendo rostro y cuello. Recuerda lavar tu rostro al d\u00eda siguiente y aplicar bloqueador solar.<\/p>\n<p>INGREDIENTES PRINCIPALES:<br \/>\n\u2022 Acido salic\u00edlico<br \/>\n\u2022 Acido glic\u00f3lico<br \/>\n\u2022 Acido l\u00e1ctico<\/p>\n<p><strong>Contenido:<\/strong> 30ml<br \/>\n<strong>Invima:<\/strong> NSOC91635-19CO<\/p>\n","protected":false},"excerpt":{"rendered":"<p>\u00a1T\u00f3nico Facial Despigmentante e Iluminador! \u00a1Descubre el Secreto para una Piel Radiante y Uniforme! \u00bfTe has dado cuenta de c\u00f3mo las manchas, imperfecciones y ojeras han opacado la luminosidad natural de tu rostro? No est\u00e1s sola, y tenemos la soluci\u00f3n perfecta para ti. \u00a0La Ciencia Detr\u00e1s de una Piel Perfecta El T\u00f3nico Facial Alma est\u00e1 [&hellip;]<\/p>\n","protected":false},"featured_media":474,"comment_status":"open","ping_status":"closed","template":"","meta":{"_et_pb_use_builder":"","_et_pb_old_content":"","_et_gb_content_width":""},"product_cat":[18],"product_tag":[],"_links":{"self":[{"href":"https:\/\/latiendadeleidy.online\/index.php\/wp-json\/wp\/v2\/product\/472"}],"collection":[{"href":"https:\/\/latiendadeleidy.online\/index.php\/wp-json\/wp\/v2\/product"}],"about":[{"href":"https:\/\/latiendadeleidy.online\/index.php\/wp-json\/wp\/v2\/types\/product"}],"replies":[{"embeddable":true,"href":"https:\/\/latiendadeleidy.online\/index.php\/wp-json\/wp\/v2\/comments?post=472"}],"wp:featuredmedia":[{"embeddable":true,"href":"https:\/\/latiendadeleidy.online\/index.php\/wp-json\/wp\/v2\/media\/474"}],"wp:attachment":[{"href":"https:\/\/latiendadeleidy.online\/index.php\/wp-json\/wp\/v2\/media?parent=472"}],"wp:term":[{"taxonomy":"product_cat","embeddable":true,"href":"https:\/\/latiendadeleidy.online\/index.php\/wp-json\/wp\/v2\/product_cat?post=472"},{"taxonomy":"product_tag","embeddable":true,"href":"https:\/\/latiendadeleidy.online\/index.php\/wp-json\/wp\/v2\/product_tag?post=472"}],"curies":[{"name":"wp","href":"https:\/\/api.w.org\/{rel}","templated":true}]}}