{"id":39,"date":"2023-09-21T14:32:30","date_gmt":"2023-09-21T14:32:30","guid":{"rendered":"https:\/\/latiendadeleidy.online\/index.php\/producto\/mini-enfriador-de-aire-portatil-digital\/"},"modified":"2023-10-13T21:05:10","modified_gmt":"2023-10-13T21:05:10","slug":"mini-enfriador-de-aire-portatil-digital","status":"publish","type":"product","link":"https:\/\/latiendadeleidy.online\/index.php\/producto\/mini-enfriador-de-aire-portatil-digital\/","title":{"rendered":"Mini enfriador de aire port\u00e1til digital"},"content":{"rendered":"<p>MINI ENFRIADOR DE AIRE PORT\u00c1TIL DIGITAL<br \/>\nCaracter\u00edsticas:<\/p>\n<p>1. R\u00e1pido y fresco: dos ajustes ajustables<\/p>\n<p>2. Tama\u00f1o peque\u00f1o, gran uso, silencioso y disfrute en cualquier momento y en cualquier lugar.<\/p>\n<p>3. Solo el viento puede dormir sin la oreja.<\/p>\n<p>Descripciones:<\/p>\n<p>El producto est\u00e1 dise\u00f1ado para personas que duermen poco profundas, insomnio y sue\u00f1os, modo de sue\u00f1o, sin sentido de operaci\u00f3n.<\/p>\n<p>Especificaciones:<\/p>\n<p>Color: blanco<\/p>\n<p>Modelado: Rectangular<\/p>\n<p>Caracter\u00edsticas adicionales: temperatura, tiempo<\/p>\n","protected":false},"excerpt":{"rendered":"<p>MINI ENFRIADOR DE AIRE PORT\u00c1TIL DIGITAL Caracter\u00edsticas: 1. R\u00e1pido y fresco: dos ajustes ajustables 2. Tama\u00f1o peque\u00f1o, gran uso, silencioso y disfrute en cualquier momento y en cualquier lugar. 3. Solo el viento puede dormir sin la oreja. Descripciones: El producto est\u00e1 dise\u00f1ado para personas que duermen poco profundas, insomnio y sue\u00f1os, modo de sue\u00f1o, [&hellip;]<\/p>\n","protected":false},"featured_media":389,"comment_status":"open","ping_status":"closed","template":"","meta":{"_et_pb_use_builder":"","_et_pb_old_content":"","_et_gb_content_width":""},"product_cat":[17],"product_tag":[],"_links":{"self":[{"href":"https:\/\/latiendadeleidy.online\/index.php\/wp-json\/wp\/v2\/product\/39"}],"collection":[{"href":"https:\/\/latiendadeleidy.online\/index.php\/wp-json\/wp\/v2\/product"}],"about":[{"href":"https:\/\/latiendadeleidy.online\/index.php\/wp-json\/wp\/v2\/types\/product"}],"replies":[{"embeddable":true,"href":"https:\/\/latiendadeleidy.online\/index.php\/wp-json\/wp\/v2\/comments?post=39"}],"wp:featuredmedia":[{"embeddable":true,"href":"https:\/\/latiendadeleidy.online\/index.php\/wp-json\/wp\/v2\/media\/389"}],"wp:attachment":[{"href":"https:\/\/latiendadeleidy.online\/index.php\/wp-json\/wp\/v2\/media?parent=39"}],"wp:term":[{"taxonomy":"product_cat","embeddable":true,"href":"https:\/\/latiendadeleidy.online\/index.php\/wp-json\/wp\/v2\/product_cat?post=39"},{"taxonomy":"product_tag","embeddable":true,"href":"https:\/\/latiendadeleidy.online\/index.php\/wp-json\/wp\/v2\/product_tag?post=39"}],"curies":[{"name":"wp","href":"https:\/\/api.w.org\/{rel}","templated":true}]}}