{"id":33,"date":"2023-09-21T14:17:32","date_gmt":"2023-09-21T14:17:32","guid":{"rendered":"https:\/\/latiendadeleidy.online\/index.php\/producto\/trapeador-magico-trapero-exprimidor\/"},"modified":"2023-10-13T21:04:03","modified_gmt":"2023-10-13T21:04:03","slug":"trapeador-magico-trapero-exprimidor","status":"publish","type":"product","link":"https:\/\/latiendadeleidy.online\/index.php\/producto\/trapeador-magico-trapero-exprimidor\/","title":{"rendered":"Trapeador Magico Trapero Exprimidor"},"content":{"rendered":"<h3 class=\"product-title\"><strong>TRAPEADOR MAGICO TRAPERO EXPRIMIDOR<\/strong><\/h3>\n<p>Trapeador De Fibra En X, esta Maravillosa e innovadora herramienta de limpieza es ideal para limpiar en seco o mojado, sin necesidad de esforzar tu cintura, ya que su movimiento de cabezal 360\u00b0 es capaz de entrar en los lugares mas dif\u00edciles adapt\u00e1ndose a su entorno. Caracter\u00edsticas: Se escurre f\u00e1cilmente.<\/p>\n<p>Su cabezal gira libremente a trav\u00e9s de 360 grados uniformemente y permite limpiar cualquier esquina o rinc\u00f3n para una limpieza r\u00e1pida y sin esfuerzo hecha de material de alta calidad.<\/p>\n<p>La Trapeadora X es ideal para ahorrar tiempo y esfuerzo y no necesita electricidad en absoluto. Es perfecto para limpiar su cuarto de ba\u00f1o, cocina, sala de estar, dormitorio Sus fibras suaves hacen que puedas proteger tus pisos y paredes de rayones<\/p>\n","protected":false},"excerpt":{"rendered":"<p>TRAPEADOR MAGICO TRAPERO EXPRIMIDOR Trapeador De Fibra En X, esta Maravillosa e innovadora herramienta de limpieza es ideal para limpiar en seco o mojado, sin necesidad de esforzar tu cintura, ya que su movimiento de cabezal 360\u00b0 es capaz de entrar en los lugares mas dif\u00edciles adapt\u00e1ndose a su entorno. Caracter\u00edsticas: Se escurre f\u00e1cilmente. Su [&hellip;]<\/p>\n","protected":false},"featured_media":388,"comment_status":"open","ping_status":"closed","template":"","meta":{"_et_pb_use_builder":"","_et_pb_old_content":"","_et_gb_content_width":""},"product_cat":[17],"product_tag":[],"_links":{"self":[{"href":"https:\/\/latiendadeleidy.online\/index.php\/wp-json\/wp\/v2\/product\/33"}],"collection":[{"href":"https:\/\/latiendadeleidy.online\/index.php\/wp-json\/wp\/v2\/product"}],"about":[{"href":"https:\/\/latiendadeleidy.online\/index.php\/wp-json\/wp\/v2\/types\/product"}],"replies":[{"embeddable":true,"href":"https:\/\/latiendadeleidy.online\/index.php\/wp-json\/wp\/v2\/comments?post=33"}],"wp:featuredmedia":[{"embeddable":true,"href":"https:\/\/latiendadeleidy.online\/index.php\/wp-json\/wp\/v2\/media\/388"}],"wp:attachment":[{"href":"https:\/\/latiendadeleidy.online\/index.php\/wp-json\/wp\/v2\/media?parent=33"}],"wp:term":[{"taxonomy":"product_cat","embeddable":true,"href":"https:\/\/latiendadeleidy.online\/index.php\/wp-json\/wp\/v2\/product_cat?post=33"},{"taxonomy":"product_tag","embeddable":true,"href":"https:\/\/latiendadeleidy.online\/index.php\/wp-json\/wp\/v2\/product_tag?post=33"}],"curies":[{"name":"wp","href":"https:\/\/api.w.org\/{rel}","templated":true}]}}