{"id":291,"date":"2023-09-23T13:47:41","date_gmt":"2023-09-23T13:47:41","guid":{"rendered":"https:\/\/latiendadeleidy.online\/index.php\/producto\/audifonos-bluetooth-f9-power-bank-inalam\/"},"modified":"2023-10-13T20:10:36","modified_gmt":"2023-10-13T20:10:36","slug":"audifonos-bluetooth-f9-power-bank-inalam","status":"publish","type":"product","link":"https:\/\/latiendadeleidy.online\/index.php\/producto\/audifonos-bluetooth-f9-power-bank-inalam\/","title":{"rendered":"AUDIFONOS BLUETOOTH F9 POWER BANK INALAM"},"content":{"rendered":"<h3 class=\"product-title\">AUDIFONOS BLUETOOTH F9 POWER BANK INALAM<\/h3>\n<p>Auriculares inal\u00e1mbricos F9 con Bluetooth con fuente de poder (power bank) de 3000mAh<\/p>\n<p>Auriculares deportivos est\u00e9reo con micr\u00f3fono<\/p>\n<p>SE PUEDE UTILIZAR EN CUALQUIER TIPO DE CELULAR O TEL\u00c9FONO M\u00d3VIL<\/p>\n<p>Sonido envolvente y potente<\/p>\n<ul>\n<li>Actualizaci\u00f3n de pantalla LED , intiutivo (power bank) para conocer el nivel de carga necesario<\/li>\n<li>Bluetooth 5.0 referencia F9<\/li>\n<li>Cabina de caja (power bank) de gran capacidad donde se puede cargar el celular o los mismos auriculares<\/li>\n<li>Disfrute de sonidos graves 9D<\/li>\n<li>Efecto envolvente<\/li>\n<li>Reducci\u00f3n inteligente de ruido CVC80: Disfrute de los efectos de llamada HD sin verse afectado por los entornos ruidosos<\/li>\n<li>Compatibilidad con cualquier celular independiente de la marca o modelo con funci\u00f3n Bluetooth<\/li>\n<li>Sensor de huella<\/li>\n<li>Con microfono incorporado<\/li>\n<\/ul>\n","protected":false},"excerpt":{"rendered":"<p>AUDIFONOS BLUETOOTH F9 POWER BANK INALAM Auriculares inal\u00e1mbricos F9 con Bluetooth con fuente de poder (power bank) de 3000mAh Auriculares deportivos est\u00e9reo con micr\u00f3fono SE PUEDE UTILIZAR EN CUALQUIER TIPO DE CELULAR O TEL\u00c9FONO M\u00d3VIL Sonido envolvente y potente Actualizaci\u00f3n de pantalla LED , intiutivo (power bank) para conocer el nivel de carga necesario Bluetooth [&hellip;]<\/p>\n","protected":false},"featured_media":358,"comment_status":"open","ping_status":"closed","template":"","meta":{"_et_pb_use_builder":"","_et_pb_old_content":"","_et_gb_content_width":""},"product_cat":[29],"product_tag":[],"_links":{"self":[{"href":"https:\/\/latiendadeleidy.online\/index.php\/wp-json\/wp\/v2\/product\/291"}],"collection":[{"href":"https:\/\/latiendadeleidy.online\/index.php\/wp-json\/wp\/v2\/product"}],"about":[{"href":"https:\/\/latiendadeleidy.online\/index.php\/wp-json\/wp\/v2\/types\/product"}],"replies":[{"embeddable":true,"href":"https:\/\/latiendadeleidy.online\/index.php\/wp-json\/wp\/v2\/comments?post=291"}],"wp:featuredmedia":[{"embeddable":true,"href":"https:\/\/latiendadeleidy.online\/index.php\/wp-json\/wp\/v2\/media\/358"}],"wp:attachment":[{"href":"https:\/\/latiendadeleidy.online\/index.php\/wp-json\/wp\/v2\/media?parent=291"}],"wp:term":[{"taxonomy":"product_cat","embeddable":true,"href":"https:\/\/latiendadeleidy.online\/index.php\/wp-json\/wp\/v2\/product_cat?post=291"},{"taxonomy":"product_tag","embeddable":true,"href":"https:\/\/latiendadeleidy.online\/index.php\/wp-json\/wp\/v2\/product_tag?post=291"}],"curies":[{"name":"wp","href":"https:\/\/api.w.org\/{rel}","templated":true}]}}