{"id":274,"date":"2023-09-23T13:18:28","date_gmt":"2023-09-23T13:18:28","guid":{"rendered":"https:\/\/latiendadeleidy.online\/index.php\/producto\/flea-doctor-cepillo-antipulgas-mascotas\/"},"modified":"2023-10-13T20:13:16","modified_gmt":"2023-10-13T20:13:16","slug":"flea-doctor-cepillo-antipulgas-mascotas","status":"publish","type":"product","link":"https:\/\/latiendadeleidy.online\/index.php\/producto\/flea-doctor-cepillo-antipulgas-mascotas\/","title":{"rendered":"Flea Doctor Cepillo Antipulgas MASCOTAS"},"content":{"rendered":"<h3 class=\"product-title\">FLEA DOCTOR CEPILLO ANTIPULGAS MASCOTAS<\/h3>\n<p>Cepillo El\u00e9ctrico Para Mascotas Cepillo Antipulgas Flea Doctor<\/p>\n<p>Tecnolog\u00eda de carga c\u00f3moda: llega a profundidad en el abrigo de tu mascota, encuentra las pulgas, las mata y las golpea, y las elimina de tu mascota. @Elimina las pulgas de tu gato o perro sin productos qu\u00edmicos, plaguicidas o t\u00f3xicos. @F\u00e1cil de usar: simplemente peine a trav\u00e9s del pelo de su mascota @\u2013 Flea Doctor libera una ligera carga el\u00e9ctrica que golpea y mata las pulgas. @Resultados instant\u00e1neos: los resultados se pueden ver justo antes de los ojos; descarte las pulgas muertas o asombrosas directamente en la basura.<br \/>\nIncluye: un (1) peine de pulgas el\u00e9ctrico Flea Doctor<\/p>\n","protected":false},"excerpt":{"rendered":"<p>FLEA DOCTOR CEPILLO ANTIPULGAS MASCOTAS Cepillo El\u00e9ctrico Para Mascotas Cepillo Antipulgas Flea Doctor Tecnolog\u00eda de carga c\u00f3moda: llega a profundidad en el abrigo de tu mascota, encuentra las pulgas, las mata y las golpea, y las elimina de tu mascota. @Elimina las pulgas de tu gato o perro sin productos qu\u00edmicos, plaguicidas o t\u00f3xicos. @F\u00e1cil [&hellip;]<\/p>\n","protected":false},"featured_media":362,"comment_status":"open","ping_status":"closed","template":"","meta":{"_et_pb_use_builder":"","_et_pb_old_content":"","_et_gb_content_width":""},"product_cat":[19],"product_tag":[],"_links":{"self":[{"href":"https:\/\/latiendadeleidy.online\/index.php\/wp-json\/wp\/v2\/product\/274"}],"collection":[{"href":"https:\/\/latiendadeleidy.online\/index.php\/wp-json\/wp\/v2\/product"}],"about":[{"href":"https:\/\/latiendadeleidy.online\/index.php\/wp-json\/wp\/v2\/types\/product"}],"replies":[{"embeddable":true,"href":"https:\/\/latiendadeleidy.online\/index.php\/wp-json\/wp\/v2\/comments?post=274"}],"wp:featuredmedia":[{"embeddable":true,"href":"https:\/\/latiendadeleidy.online\/index.php\/wp-json\/wp\/v2\/media\/362"}],"wp:attachment":[{"href":"https:\/\/latiendadeleidy.online\/index.php\/wp-json\/wp\/v2\/media?parent=274"}],"wp:term":[{"taxonomy":"product_cat","embeddable":true,"href":"https:\/\/latiendadeleidy.online\/index.php\/wp-json\/wp\/v2\/product_cat?post=274"},{"taxonomy":"product_tag","embeddable":true,"href":"https:\/\/latiendadeleidy.online\/index.php\/wp-json\/wp\/v2\/product_tag?post=274"}],"curies":[{"name":"wp","href":"https:\/\/api.w.org\/{rel}","templated":true}]}}