{"id":265,"date":"2023-09-23T13:12:32","date_gmt":"2023-09-23T13:12:32","guid":{"rendered":"https:\/\/latiendadeleidy.online\/index.php\/producto\/termo-doble-compartimento-plato-plegable\/"},"modified":"2023-10-13T20:14:17","modified_gmt":"2023-10-13T20:14:17","slug":"termo-doble-compartimento-plato-plegable","status":"publish","type":"product","link":"https:\/\/latiendadeleidy.online\/index.php\/producto\/termo-doble-compartimento-plato-plegable\/","title":{"rendered":"Termo Doble Compartimento Plato Plegable"},"content":{"rendered":"<h3 class=\"product-title\">TERMO DOBLE COMPARTIMENTO PLATO PLEGABLE<\/h3>\n<p>Evite que su perro tome agua de fuentes inseguras.\u00a0Ahora puede llevar c\u00f3modamente y con estilo la comida para los viajes, paseos y salidas de sus perros.<\/p>\n<p>El sistema incluye un plato viajero plegable y un mosquet\u00f3n para llevarlo colgado a la maleta o al cintur\u00f3n.<\/p>\n<h4>CARACTER\u00cdSTICAS:<\/h4>\n<ul>\n<li>Ahora si lo que quieres es compartir tu frasco con alguien m\u00e1s, su tapa de doble boquilla te permitir\u00e1 realizarlo, llevando contigo un solo termo en vez de dos.<\/li>\n<li>Esta botella de agua para perros y mascotas est\u00e1 hecha de silicona 100% apta para alimentos, aprobada por la FDA, libre de BPA, sin plomo y antibacteriana.<\/li>\n<\/ul>\n<h4>ESPECIFICACIONES:<\/h4>\n<ul>\n<li>Capacidad del termo: 300 mL.<\/li>\n<li>Peso: 21g<\/li>\n<li>Dimensiones: Alto: 22cm x di\u00e1metro: 6,5cm.<\/li>\n<\/ul>\n<h4>INCLUYE:<\/h4>\n<ul>\n<li>1 Termo Doble Compartimento con tapa divisora.<\/li>\n<li>1 Plato Plegable de Silicona.<\/li>\n<\/ul>\n","protected":false},"excerpt":{"rendered":"<p>TERMO DOBLE COMPARTIMENTO PLATO PLEGABLE Evite que su perro tome agua de fuentes inseguras.\u00a0Ahora puede llevar c\u00f3modamente y con estilo la comida para los viajes, paseos y salidas de sus perros. El sistema incluye un plato viajero plegable y un mosquet\u00f3n para llevarlo colgado a la maleta o al cintur\u00f3n. CARACTER\u00cdSTICAS: Ahora si lo que [&hellip;]<\/p>\n","protected":false},"featured_media":365,"comment_status":"open","ping_status":"closed","template":"","meta":{"_et_pb_use_builder":"","_et_pb_old_content":"","_et_gb_content_width":""},"product_cat":[19],"product_tag":[],"_links":{"self":[{"href":"https:\/\/latiendadeleidy.online\/index.php\/wp-json\/wp\/v2\/product\/265"}],"collection":[{"href":"https:\/\/latiendadeleidy.online\/index.php\/wp-json\/wp\/v2\/product"}],"about":[{"href":"https:\/\/latiendadeleidy.online\/index.php\/wp-json\/wp\/v2\/types\/product"}],"replies":[{"embeddable":true,"href":"https:\/\/latiendadeleidy.online\/index.php\/wp-json\/wp\/v2\/comments?post=265"}],"wp:featuredmedia":[{"embeddable":true,"href":"https:\/\/latiendadeleidy.online\/index.php\/wp-json\/wp\/v2\/media\/365"}],"wp:attachment":[{"href":"https:\/\/latiendadeleidy.online\/index.php\/wp-json\/wp\/v2\/media?parent=265"}],"wp:term":[{"taxonomy":"product_cat","embeddable":true,"href":"https:\/\/latiendadeleidy.online\/index.php\/wp-json\/wp\/v2\/product_cat?post=265"},{"taxonomy":"product_tag","embeddable":true,"href":"https:\/\/latiendadeleidy.online\/index.php\/wp-json\/wp\/v2\/product_tag?post=265"}],"curies":[{"name":"wp","href":"https:\/\/api.w.org\/{rel}","templated":true}]}}