{"id":260,"date":"2023-09-23T13:08:14","date_gmt":"2023-09-23T13:08:14","guid":{"rendered":"https:\/\/latiendadeleidy.online\/index.php\/producto\/aspiradora-recogedor-de-pelo-mascota\/"},"modified":"2023-10-13T20:18:02","modified_gmt":"2023-10-13T20:18:02","slug":"aspiradora-recogedor-de-pelo-mascota","status":"publish","type":"product","link":"https:\/\/latiendadeleidy.online\/index.php\/producto\/aspiradora-recogedor-de-pelo-mascota\/","title":{"rendered":"Aspiradora Recogedor De Pelo Mascota"},"content":{"rendered":"<h3 class=\"product-title\">ASPIRADORA RECOGEDOR DE PELO MASCOTA<\/h3>\n<h2><strong>Aspiradora Shed Pal Recogedor De Pelo Mascota Perros Y Gato<\/strong><\/h2>\n<p>La mayor\u00eda de cepillos ocasionan una ca\u00edda de pelo innecesaria y dolorosa ya que sus cerdas los jalonean. Pensando en ti y tu mascota traemos este espectacular removedor de pelo que har\u00e1 mucho m\u00e1s f\u00e1cil la tarea de cuidar el pelaje de tus mascotas.<\/p>\n<p>Su base de goma blanda recorre la zona removiendo cualquier rastro de pelaje sobrante sin jalarlo ni lastimarlo. Adem\u00e1s, su motor silencioso mantiene a tu mascota tranquila mientras tu realizas esta tarea dandole un relajante masaje con su cabezal de goma suave de forma sencilla e higi\u00e9nica, ya que tiene un recipiente en el que cae todo el pelo recogido evitando que queden regueros por todo tu hogar.<\/p>\n<p>\u00ab\u00ab CARACTER\u00cdSTICAS PRINCIPALES \u00bb\u00bb<br \/>\nEl motor proporciona una succi\u00f3n eficaz y de acci\u00f3n r\u00e1pida, ahorra tiempo y energ\u00eda.<br \/>\nLa cabeza de goma blanda tambi\u00e9n puede dar masajes a las mascotas.<br \/>\nRecipiente de recolecci\u00f3n<br \/>\nFunciona con 3 pilas AA<\/p>\n<p>\u00ab\u00ab POR TU COMPRA RECIBES \u00bb\u00bb<br \/>\nQuita pelos<br \/>\nManual instructivo<\/p>\n","protected":false},"excerpt":{"rendered":"<p>ASPIRADORA RECOGEDOR DE PELO MASCOTA Aspiradora Shed Pal Recogedor De Pelo Mascota Perros Y Gato La mayor\u00eda de cepillos ocasionan una ca\u00edda de pelo innecesaria y dolorosa ya que sus cerdas los jalonean. Pensando en ti y tu mascota traemos este espectacular removedor de pelo que har\u00e1 mucho m\u00e1s f\u00e1cil la tarea de cuidar el [&hellip;]<\/p>\n","protected":false},"featured_media":366,"comment_status":"open","ping_status":"closed","template":"","meta":{"_et_pb_use_builder":"","_et_pb_old_content":"","_et_gb_content_width":""},"product_cat":[19],"product_tag":[],"_links":{"self":[{"href":"https:\/\/latiendadeleidy.online\/index.php\/wp-json\/wp\/v2\/product\/260"}],"collection":[{"href":"https:\/\/latiendadeleidy.online\/index.php\/wp-json\/wp\/v2\/product"}],"about":[{"href":"https:\/\/latiendadeleidy.online\/index.php\/wp-json\/wp\/v2\/types\/product"}],"replies":[{"embeddable":true,"href":"https:\/\/latiendadeleidy.online\/index.php\/wp-json\/wp\/v2\/comments?post=260"}],"wp:featuredmedia":[{"embeddable":true,"href":"https:\/\/latiendadeleidy.online\/index.php\/wp-json\/wp\/v2\/media\/366"}],"wp:attachment":[{"href":"https:\/\/latiendadeleidy.online\/index.php\/wp-json\/wp\/v2\/media?parent=260"}],"wp:term":[{"taxonomy":"product_cat","embeddable":true,"href":"https:\/\/latiendadeleidy.online\/index.php\/wp-json\/wp\/v2\/product_cat?post=260"},{"taxonomy":"product_tag","embeddable":true,"href":"https:\/\/latiendadeleidy.online\/index.php\/wp-json\/wp\/v2\/product_tag?post=260"}],"curies":[{"name":"wp","href":"https:\/\/api.w.org\/{rel}","templated":true}]}}