{"id":253,"date":"2023-09-23T12:59:34","date_gmt":"2023-09-23T12:59:34","guid":{"rendered":"https:\/\/latiendadeleidy.online\/index.php\/producto\/forro-para-mascota-protector-cojineria\/"},"modified":"2023-10-13T20:15:57","modified_gmt":"2023-10-13T20:15:57","slug":"forro-para-mascota-protector-cojineria","status":"publish","type":"product","link":"https:\/\/latiendadeleidy.online\/index.php\/producto\/forro-para-mascota-protector-cojineria\/","title":{"rendered":"Forro Para Mascota Protector Cojineria"},"content":{"rendered":"<h3 class=\"product-title\">FORRO PARA MASCOTA PROTECTOR COJINERIA<\/h3>\n<p>\u00a1Lleva a tu mascota y protege la cojiner\u00eda de tu carro!<\/p>\n<p>Con este forro podr\u00e1s llevar a tu mascota sin preocuparte por da\u00f1os en la cojiner\u00eda. No m\u00e1s pelos ni necesidad de aspirar cada que sales con tu mascota.<\/p>\n<p>CARACTER\u00cdSTICAS:<\/p>\n<p>-Ajustable<\/p>\n<p>-F\u00e1cil de limpiar<\/p>\n<p>-F\u00e1cil de instalar<\/p>\n<p>-Dise\u00f1o durable y seguro<\/p>\n<p>-Dimensiones aproximadas 144 x 130 cm<\/p>\n<p>TE ENTREGAMOS:<\/p>\n<p>1-Forro Para Mascota Protector Cojiner\u00eda Carro Silla Autom\u00f3vil.<\/p>\n","protected":false},"excerpt":{"rendered":"<p>FORRO PARA MASCOTA PROTECTOR COJINERIA \u00a1Lleva a tu mascota y protege la cojiner\u00eda de tu carro! Con este forro podr\u00e1s llevar a tu mascota sin preocuparte por da\u00f1os en la cojiner\u00eda. No m\u00e1s pelos ni necesidad de aspirar cada que sales con tu mascota. CARACTER\u00cdSTICAS: -Ajustable -F\u00e1cil de limpiar -F\u00e1cil de instalar -Dise\u00f1o durable y [&hellip;]<\/p>\n","protected":false},"featured_media":368,"comment_status":"open","ping_status":"closed","template":"","meta":{"_et_pb_use_builder":"","_et_pb_old_content":"","_et_gb_content_width":""},"product_cat":[19],"product_tag":[],"_links":{"self":[{"href":"https:\/\/latiendadeleidy.online\/index.php\/wp-json\/wp\/v2\/product\/253"}],"collection":[{"href":"https:\/\/latiendadeleidy.online\/index.php\/wp-json\/wp\/v2\/product"}],"about":[{"href":"https:\/\/latiendadeleidy.online\/index.php\/wp-json\/wp\/v2\/types\/product"}],"replies":[{"embeddable":true,"href":"https:\/\/latiendadeleidy.online\/index.php\/wp-json\/wp\/v2\/comments?post=253"}],"wp:featuredmedia":[{"embeddable":true,"href":"https:\/\/latiendadeleidy.online\/index.php\/wp-json\/wp\/v2\/media\/368"}],"wp:attachment":[{"href":"https:\/\/latiendadeleidy.online\/index.php\/wp-json\/wp\/v2\/media?parent=253"}],"wp:term":[{"taxonomy":"product_cat","embeddable":true,"href":"https:\/\/latiendadeleidy.online\/index.php\/wp-json\/wp\/v2\/product_cat?post=253"},{"taxonomy":"product_tag","embeddable":true,"href":"https:\/\/latiendadeleidy.online\/index.php\/wp-json\/wp\/v2\/product_tag?post=253"}],"curies":[{"name":"wp","href":"https:\/\/api.w.org\/{rel}","templated":true}]}}