{"id":247,"date":"2023-09-23T12:51:45","date_gmt":"2023-09-23T12:51:45","guid":{"rendered":"https:\/\/latiendadeleidy.online\/index.php\/producto\/didactico-musical-perro-bailarin-c3445\/"},"modified":"2023-10-13T20:17:41","modified_gmt":"2023-10-13T20:17:41","slug":"didactico-musical-perro-bailarin-c3445","status":"publish","type":"product","link":"https:\/\/latiendadeleidy.online\/index.php\/producto\/didactico-musical-perro-bailarin-c3445\/","title":{"rendered":"DID\u00c1CTICO MUSICAL PERRO BAILAR\u00cdN C3445"},"content":{"rendered":"<h4>Juguete en forma de perro con luces y sonido, es un regalo ideal para incentivar a los peque\u00f1os a querer los animales, gracias a los sonidos emitidos compuestos por ladrido y una canci\u00f3n con la que mueve las orejas y los brazos.<\/h4>\n<h4>El mejor regalo para ni\u00f1os. La m\u00fasica alegre y el baile son muy adecuados para crear un ambiente agradable.<\/h4>\n<h4><strong>ESPECIFICACIONES:<\/strong><\/h4>\n<h4>Medidas: 20 cm x 12cm x 9cm<\/h4>\n<h4>Estado: 100% nuevo.<\/h4>\n<h4>Tipo de art\u00edculo: perro robot.<\/h4>\n<h4>Material: pl\u00e1stico.<\/h4>\n<h4>Edad adecuada: mayores de 3 a\u00f1os<\/h4>\n<h4>Modelo de bater\u00eda: 3 AA 1.5 V (no incluye bater\u00eda).<\/h4>\n","protected":false},"excerpt":{"rendered":"<p>Juguete en forma de perro con luces y sonido, es un regalo ideal para incentivar a los peque\u00f1os a querer los animales, gracias a los sonidos emitidos compuestos por ladrido y una canci\u00f3n con la que mueve las orejas y los brazos. El mejor regalo para ni\u00f1os. La m\u00fasica alegre y el baile son muy [&hellip;]<\/p>\n","protected":false},"featured_media":373,"comment_status":"open","ping_status":"closed","template":"","meta":{"_et_pb_use_builder":"","_et_pb_old_content":"","_et_gb_content_width":""},"product_cat":[24],"product_tag":[],"_links":{"self":[{"href":"https:\/\/latiendadeleidy.online\/index.php\/wp-json\/wp\/v2\/product\/247"}],"collection":[{"href":"https:\/\/latiendadeleidy.online\/index.php\/wp-json\/wp\/v2\/product"}],"about":[{"href":"https:\/\/latiendadeleidy.online\/index.php\/wp-json\/wp\/v2\/types\/product"}],"replies":[{"embeddable":true,"href":"https:\/\/latiendadeleidy.online\/index.php\/wp-json\/wp\/v2\/comments?post=247"}],"wp:featuredmedia":[{"embeddable":true,"href":"https:\/\/latiendadeleidy.online\/index.php\/wp-json\/wp\/v2\/media\/373"}],"wp:attachment":[{"href":"https:\/\/latiendadeleidy.online\/index.php\/wp-json\/wp\/v2\/media?parent=247"}],"wp:term":[{"taxonomy":"product_cat","embeddable":true,"href":"https:\/\/latiendadeleidy.online\/index.php\/wp-json\/wp\/v2\/product_cat?post=247"},{"taxonomy":"product_tag","embeddable":true,"href":"https:\/\/latiendadeleidy.online\/index.php\/wp-json\/wp\/v2\/product_tag?post=247"}],"curies":[{"name":"wp","href":"https:\/\/api.w.org\/{rel}","templated":true}]}}