{"id":244,"date":"2023-09-22T21:53:12","date_gmt":"2023-09-22T21:53:12","guid":{"rendered":"https:\/\/latiendadeleidy.online\/index.php\/producto\/peluche-musical-con-luces-nocturnas\/"},"modified":"2023-10-13T20:18:40","modified_gmt":"2023-10-13T20:18:40","slug":"peluche-musical-con-luces-nocturnas","status":"publish","type":"product","link":"https:\/\/latiendadeleidy.online\/index.php\/producto\/peluche-musical-con-luces-nocturnas\/","title":{"rendered":"Peluche Musical con Luces Nocturnas"},"content":{"rendered":"<p>PELUCHE MUSICAL CON LUCES NOCTURNAS<br \/>\nCOLOR A DISPONIBILIDAD<\/p>\n<p>Un arco\u00edris de colores: a su hijo le encantar\u00e1 acurrucarse con su amigo de peluche d\u00eda y noche. Simplemente presionando sobre el vientre, cambia la luz a seis colores diferentes y escuchar\u00e1s una suave melod\u00eda que podr\u00e1 cambiar a la que m\u00e1s le guste.<\/p>\n<p>Sue\u00f1o reconfortante: con un vientre suavemente brillante que hace que su hijo tenga una luz nocturna reconfortante y una suave melodia Ideal para el hogar, los viajes, las fiestas de pijamas, el tiempo de juego y m\u00e1s.<br \/>\nPatrones m\u00e1gicos en movimiento: el animal de peluche Star Belly Musical es un juguete suave y c\u00f3modo que crea estrellas brillantes y formas divertidas que se desplazan sobre las paredes y el techo dando una melod\u00eda suave para ayudar a conciliar el sue\u00f1o de su peque\u00f1o.<\/p>\n<p>La felpa es suave y adorable como un juguete de peluche convencional pero tambi\u00e9n cuenta con una luz nocturna hermosa que var\u00eda en 6 colores hermosos y una suave melod\u00eda de cuna.<\/p>\n<p>Elija entre velocidades lentas y r\u00e1pidas para proyectar varios ciclos de luz y rotar luces de estrellas al igual que las diferentes melod\u00edas de cuna.<\/p>\n","protected":false},"excerpt":{"rendered":"<p>PELUCHE MUSICAL CON LUCES NOCTURNAS COLOR A DISPONIBILIDAD Un arco\u00edris de colores: a su hijo le encantar\u00e1 acurrucarse con su amigo de peluche d\u00eda y noche. Simplemente presionando sobre el vientre, cambia la luz a seis colores diferentes y escuchar\u00e1s una suave melod\u00eda que podr\u00e1 cambiar a la que m\u00e1s le guste. Sue\u00f1o reconfortante: con [&hellip;]<\/p>\n","protected":false},"featured_media":374,"comment_status":"open","ping_status":"closed","template":"","meta":{"_et_pb_use_builder":"","_et_pb_old_content":"","_et_gb_content_width":""},"product_cat":[24],"product_tag":[],"_links":{"self":[{"href":"https:\/\/latiendadeleidy.online\/index.php\/wp-json\/wp\/v2\/product\/244"}],"collection":[{"href":"https:\/\/latiendadeleidy.online\/index.php\/wp-json\/wp\/v2\/product"}],"about":[{"href":"https:\/\/latiendadeleidy.online\/index.php\/wp-json\/wp\/v2\/types\/product"}],"replies":[{"embeddable":true,"href":"https:\/\/latiendadeleidy.online\/index.php\/wp-json\/wp\/v2\/comments?post=244"}],"wp:featuredmedia":[{"embeddable":true,"href":"https:\/\/latiendadeleidy.online\/index.php\/wp-json\/wp\/v2\/media\/374"}],"wp:attachment":[{"href":"https:\/\/latiendadeleidy.online\/index.php\/wp-json\/wp\/v2\/media?parent=244"}],"wp:term":[{"taxonomy":"product_cat","embeddable":true,"href":"https:\/\/latiendadeleidy.online\/index.php\/wp-json\/wp\/v2\/product_cat?post=244"},{"taxonomy":"product_tag","embeddable":true,"href":"https:\/\/latiendadeleidy.online\/index.php\/wp-json\/wp\/v2\/product_tag?post=244"}],"curies":[{"name":"wp","href":"https:\/\/api.w.org\/{rel}","templated":true}]}}