{"id":235,"date":"2023-09-22T21:49:17","date_gmt":"2023-09-22T21:49:17","guid":{"rendered":"https:\/\/latiendadeleidy.online\/index.php\/producto\/cobija-manta-luminosa-de-estrellas-y-lun\/"},"modified":"2023-10-13T20:21:09","modified_gmt":"2023-10-13T20:21:09","slug":"cobija-manta-luminosa-de-estrellas-y-lun","status":"publish","type":"product","link":"https:\/\/latiendadeleidy.online\/index.php\/producto\/cobija-manta-luminosa-de-estrellas-y-lun\/","title":{"rendered":"Cobija Manta Luminosa De Estrellas Y Lun"},"content":{"rendered":"<p><strong>COBIJA MANTA LUMINOSA DE ESTRELLAS Y LUN<\/strong><br \/>\n* Debes exponerla a una fuente de luz brillante o luz solar durante aproximadamente diez minutos. Cuanto m\u00e1s brillante sea la luz, m\u00e1s fuerte brillar\u00e1 la manta en la oscuridad.<br \/>\n* Duradera y f\u00e1cil de lavar: Se puede lavar y secar a m\u00e1quina.<br \/>\n* Borde redondo sin costuras, s\u00f3lido y hermoso.<br \/>\n* Disponible en Gris con patr\u00f3n de estrellas y lunas.<br \/>\n* Medidas: 120 x 150cm aprox.<\/p>\n","protected":false},"excerpt":{"rendered":"<p>COBIJA MANTA LUMINOSA DE ESTRELLAS Y LUN * Debes exponerla a una fuente de luz brillante o luz solar durante aproximadamente diez minutos. Cuanto m\u00e1s brillante sea la luz, m\u00e1s fuerte brillar\u00e1 la manta en la oscuridad. * Duradera y f\u00e1cil de lavar: Se puede lavar y secar a m\u00e1quina. * Borde redondo sin costuras, [&hellip;]<\/p>\n","protected":false},"featured_media":376,"comment_status":"open","ping_status":"closed","template":"","meta":{"_et_pb_use_builder":"","_et_pb_old_content":"","_et_gb_content_width":""},"product_cat":[24],"product_tag":[],"_links":{"self":[{"href":"https:\/\/latiendadeleidy.online\/index.php\/wp-json\/wp\/v2\/product\/235"}],"collection":[{"href":"https:\/\/latiendadeleidy.online\/index.php\/wp-json\/wp\/v2\/product"}],"about":[{"href":"https:\/\/latiendadeleidy.online\/index.php\/wp-json\/wp\/v2\/types\/product"}],"replies":[{"embeddable":true,"href":"https:\/\/latiendadeleidy.online\/index.php\/wp-json\/wp\/v2\/comments?post=235"}],"wp:featuredmedia":[{"embeddable":true,"href":"https:\/\/latiendadeleidy.online\/index.php\/wp-json\/wp\/v2\/media\/376"}],"wp:attachment":[{"href":"https:\/\/latiendadeleidy.online\/index.php\/wp-json\/wp\/v2\/media?parent=235"}],"wp:term":[{"taxonomy":"product_cat","embeddable":true,"href":"https:\/\/latiendadeleidy.online\/index.php\/wp-json\/wp\/v2\/product_cat?post=235"},{"taxonomy":"product_tag","embeddable":true,"href":"https:\/\/latiendadeleidy.online\/index.php\/wp-json\/wp\/v2\/product_tag?post=235"}],"curies":[{"name":"wp","href":"https:\/\/api.w.org\/{rel}","templated":true}]}}