{"id":136,"date":"2023-09-21T16:39:33","date_gmt":"2023-09-21T16:39:33","guid":{"rendered":"https:\/\/latiendadeleidy.online\/index.php\/producto\/organizador-de-bano-estanteria-mueble\/"},"modified":"2023-10-13T20:21:42","modified_gmt":"2023-10-13T20:21:42","slug":"organizador-de-bano-estanteria-mueble","status":"publish","type":"product","link":"https:\/\/latiendadeleidy.online\/index.php\/producto\/organizador-de-bano-estanteria-mueble\/","title":{"rendered":"Organizador De Ba\u00f1o Estanter\u00eda Mueble"},"content":{"rendered":"<p>ORGANIZADOR DE BA\u00d1O ESTANTER\u00cdA MUEBLE<br \/>\n\u2022Estante de almacenamiento de niveles para ahorrar espacio.<br \/>\n\u2022Se puede utilizar sobre inodoros, proporcionando almacenamiento vers\u00e1til para ba\u00f1os, dormitorios, utilidad, garajes y m\u00e1s.<br \/>\n\u2022Gran capacidad de almacenamiento.<br \/>\n\u2022Material de duradero, Patas ajustables.<br \/>\n\u2022F\u00e1cil de armar, desarmar y transportar donde desee hacerlo.<br \/>\n\u2022Alto: 125cm<br \/>\n\u2022Ancho: 45cm<br \/>\n\u2022Largo:25cm<\/p>\n<p>CONTENIDO:<\/p>\n<p>1 Estante Organizador De Ba\u00f1o Soporte Ajustable<\/p>\n","protected":false},"excerpt":{"rendered":"<p>ORGANIZADOR DE BA\u00d1O ESTANTER\u00cdA MUEBLE \u2022Estante de almacenamiento de niveles para ahorrar espacio. \u2022Se puede utilizar sobre inodoros, proporcionando almacenamiento vers\u00e1til para ba\u00f1os, dormitorios, utilidad, garajes y m\u00e1s. \u2022Gran capacidad de almacenamiento. \u2022Material de duradero, Patas ajustables. \u2022F\u00e1cil de armar, desarmar y transportar donde desee hacerlo. \u2022Alto: 125cm \u2022Ancho: 45cm \u2022Largo:25cm CONTENIDO: 1 Estante Organizador [&hellip;]<\/p>\n","protected":false},"featured_media":377,"comment_status":"open","ping_status":"closed","template":"","meta":{"_et_pb_use_builder":"","_et_pb_old_content":"","_et_gb_content_width":""},"product_cat":[17,27],"product_tag":[],"_links":{"self":[{"href":"https:\/\/latiendadeleidy.online\/index.php\/wp-json\/wp\/v2\/product\/136"}],"collection":[{"href":"https:\/\/latiendadeleidy.online\/index.php\/wp-json\/wp\/v2\/product"}],"about":[{"href":"https:\/\/latiendadeleidy.online\/index.php\/wp-json\/wp\/v2\/types\/product"}],"replies":[{"embeddable":true,"href":"https:\/\/latiendadeleidy.online\/index.php\/wp-json\/wp\/v2\/comments?post=136"}],"wp:featuredmedia":[{"embeddable":true,"href":"https:\/\/latiendadeleidy.online\/index.php\/wp-json\/wp\/v2\/media\/377"}],"wp:attachment":[{"href":"https:\/\/latiendadeleidy.online\/index.php\/wp-json\/wp\/v2\/media?parent=136"}],"wp:term":[{"taxonomy":"product_cat","embeddable":true,"href":"https:\/\/latiendadeleidy.online\/index.php\/wp-json\/wp\/v2\/product_cat?post=136"},{"taxonomy":"product_tag","embeddable":true,"href":"https:\/\/latiendadeleidy.online\/index.php\/wp-json\/wp\/v2\/product_tag?post=136"}],"curies":[{"name":"wp","href":"https:\/\/api.w.org\/{rel}","templated":true}]}}