{"id":123,"date":"2023-09-21T16:27:09","date_gmt":"2023-09-21T16:27:09","guid":{"rendered":"https:\/\/latiendadeleidy.online\/index.php\/producto\/organizador-de-calzado-colgante-6-puesto\/"},"modified":"2023-10-13T20:23:20","modified_gmt":"2023-10-13T20:23:20","slug":"organizador-de-calzado-colgante-6-puesto","status":"publish","type":"product","link":"https:\/\/latiendadeleidy.online\/index.php\/producto\/organizador-de-calzado-colgante-6-puesto\/","title":{"rendered":"Organizador de calzado colgante 6 puesto"},"content":{"rendered":"<p>\u00bfCansado de no saber d\u00f3nde meter los zapatos?<\/p>\n<p>Te tengo la soluci\u00f3n, con el organizador de calzado colgante ya no tendr\u00e1s que montar los zapatos uno tras otro, puedes ahorrar espacio y colgarlo en el closet, te sirve para poner 6 pares de zapatos y as\u00ed lograr m\u00e1s espacio para otras prendas, evitando da\u00f1ar el calzado y facilitando la organizaci\u00f3n del armario.<\/p>\n<p>Puedes ponerlo detr\u00e1s de la puerta, colgado de la pared, hasta en el closet, en el lugar que prefieras, es muy pr\u00e1ctico, c\u00f3modo y f\u00e1cil de usar, su dise\u00f1o permite la facilidad de ser transpirable y visible, de esta forma ver el calzado con mayor rapidez.<\/p>\n<p>CARACTER\u00cdSTICAS:<\/p>\n<p>Plegable, duradero y organizador pr\u00e1ctico y muy perfecto para ahorrar espacio.<br \/>\nHecho de tela Oxford y mano de obra FINA. No t\u00f3xico, lavable y f\u00e1cil de usar. Dise\u00f1o de rejilla en perspectiva, transpirable y visible, facilita la b\u00fasqueda de las cosas que quieres.<br \/>\nSe puede colgar en el armario o en la pared, incluso en la parte posterior de cualquier puerta.<br \/>\nPerfecto para el hogar, dormitorio, sala de estar, ba\u00f1o, estudio, cocina, oficina, bolsillos, satisfacen sus diferentes demandas. Gancho de Metal con soporte fuerte Capacidad de almacenamiento<\/p>\n<p>ESPECIFICACIONES:<\/p>\n<p>&#8211; Material: Tela Oxford + malla de nailon<\/p>\n<p>&#8211; Tama\u00f1o: 31.X135cm<\/p>\n<p>INCLUYE:<\/p>\n<p>1 colgante Bolsa de almacenamiento para zapatos.<\/p>\n","protected":false},"excerpt":{"rendered":"<p>\u00bfCansado de no saber d\u00f3nde meter los zapatos? Te tengo la soluci\u00f3n, con el organizador de calzado colgante ya no tendr\u00e1s que montar los zapatos uno tras otro, puedes ahorrar espacio y colgarlo en el closet, te sirve para poner 6 pares de zapatos y as\u00ed lograr m\u00e1s espacio para otras prendas, evitando da\u00f1ar el [&hellip;]<\/p>\n","protected":false},"featured_media":381,"comment_status":"open","ping_status":"closed","template":"","meta":{"_et_pb_use_builder":"","_et_pb_old_content":"","_et_gb_content_width":""},"product_cat":[17],"product_tag":[],"_links":{"self":[{"href":"https:\/\/latiendadeleidy.online\/index.php\/wp-json\/wp\/v2\/product\/123"}],"collection":[{"href":"https:\/\/latiendadeleidy.online\/index.php\/wp-json\/wp\/v2\/product"}],"about":[{"href":"https:\/\/latiendadeleidy.online\/index.php\/wp-json\/wp\/v2\/types\/product"}],"replies":[{"embeddable":true,"href":"https:\/\/latiendadeleidy.online\/index.php\/wp-json\/wp\/v2\/comments?post=123"}],"wp:featuredmedia":[{"embeddable":true,"href":"https:\/\/latiendadeleidy.online\/index.php\/wp-json\/wp\/v2\/media\/381"}],"wp:attachment":[{"href":"https:\/\/latiendadeleidy.online\/index.php\/wp-json\/wp\/v2\/media?parent=123"}],"wp:term":[{"taxonomy":"product_cat","embeddable":true,"href":"https:\/\/latiendadeleidy.online\/index.php\/wp-json\/wp\/v2\/product_cat?post=123"},{"taxonomy":"product_tag","embeddable":true,"href":"https:\/\/latiendadeleidy.online\/index.php\/wp-json\/wp\/v2\/product_tag?post=123"}],"curies":[{"name":"wp","href":"https:\/\/api.w.org\/{rel}","templated":true}]}}