{"id":107,"date":"2023-09-21T15:44:34","date_gmt":"2023-09-21T15:44:34","guid":{"rendered":"https:\/\/latiendadeleidy.online\/index.php\/producto\/jarra-scarlett\/"},"modified":"2024-09-11T20:45:04","modified_gmt":"2024-09-11T20:45:04","slug":"jarra-scarlett","status":"publish","type":"product","link":"https:\/\/latiendadeleidy.online\/index.php\/producto\/jarra-scarlett\/","title":{"rendered":"JARRA SCARLETT"},"content":{"rendered":"<p>JARRA SCARLETT<br \/>\nTetera el\u00e9ctrica hervidor para agua capacidad 2 litros espectacular tetera el\u00e9ctrica, f\u00e1cil de operar, s\u00f3lo se necesita poner la tetera con el agua sobre la base, presionar el bot\u00f3n encendido y luego esperar, una vez est\u00e9 caliente se apaga autom\u00e1ticamente. es una forma pr\u00e1ctica de tener siempre agua hervida y fresca para preparar tus bebidas calientes. color disponible : plateado<\/p>\n","protected":false},"excerpt":{"rendered":"<p>JARRA SCARLETT Tetera el\u00e9ctrica hervidor para agua capacidad 2 litros espectacular tetera el\u00e9ctrica, f\u00e1cil de operar, s\u00f3lo se necesita poner la tetera con el agua sobre la base, presionar el bot\u00f3n encendido y luego esperar, una vez est\u00e9 caliente se apaga autom\u00e1ticamente. es una forma pr\u00e1ctica de tener siempre agua hervida y fresca para preparar [&hellip;]<\/p>\n","protected":false},"featured_media":384,"comment_status":"open","ping_status":"closed","template":"","meta":{"_et_pb_use_builder":"","_et_pb_old_content":"","_et_gb_content_width":""},"product_cat":[20],"product_tag":[],"_links":{"self":[{"href":"https:\/\/latiendadeleidy.online\/index.php\/wp-json\/wp\/v2\/product\/107"}],"collection":[{"href":"https:\/\/latiendadeleidy.online\/index.php\/wp-json\/wp\/v2\/product"}],"about":[{"href":"https:\/\/latiendadeleidy.online\/index.php\/wp-json\/wp\/v2\/types\/product"}],"replies":[{"embeddable":true,"href":"https:\/\/latiendadeleidy.online\/index.php\/wp-json\/wp\/v2\/comments?post=107"}],"wp:featuredmedia":[{"embeddable":true,"href":"https:\/\/latiendadeleidy.online\/index.php\/wp-json\/wp\/v2\/media\/384"}],"wp:attachment":[{"href":"https:\/\/latiendadeleidy.online\/index.php\/wp-json\/wp\/v2\/media?parent=107"}],"wp:term":[{"taxonomy":"product_cat","embeddable":true,"href":"https:\/\/latiendadeleidy.online\/index.php\/wp-json\/wp\/v2\/product_cat?post=107"},{"taxonomy":"product_tag","embeddable":true,"href":"https:\/\/latiendadeleidy.online\/index.php\/wp-json\/wp\/v2\/product_tag?post=107"}],"curies":[{"name":"wp","href":"https:\/\/api.w.org\/{rel}","templated":true}]}}